{"id":10795,"date":"2025-07-29T15:52:58","date_gmt":"2025-07-29T18:52:58","guid":{"rendered":"https:\/\/promoalge.com.br\/?post_type=product&#038;p=10795"},"modified":"2025-07-29T15:52:58","modified_gmt":"2025-07-29T18:52:58","slug":"caneca-em-aco-inox-pr-ca9300","status":"publish","type":"product","link":"https:\/\/promoalge.com.br\/?product=caneca-em-aco-inox-pr-ca9300","title":{"rendered":"Caneca em a\u00e7o inox &#8211; PR CA9300"},"content":{"rendered":"","protected":false},"excerpt":{"rendered":"<p>Caneca em a\u00e7o inox na parte exterior e interior em pl\u00e1stico com capacidade de 450ml, al\u00e7a de m\u00e3o pl\u00e1stica, tampa com veda\u00e7\u00e3o ideal para ch\u00e1s e caf\u00e9s.<\/p>\n<p>Quantidade m\u00ednima de 50 unidades.<\/p>\n","protected":false},"featured_media":10796,"template":"","meta":[],"product_brand":[],"product_cat":[237],"product_tag":[],"class_list":{"0":"post-10795","1":"product","2":"type-product","3":"status-publish","4":"has-post-thumbnail","6":"product_cat-metalicas","8":"first","9":"instock","10":"shipping-taxable","11":"product-type-simple"},"_links":{"self":[{"href":"https:\/\/promoalge.com.br\/index.php?rest_route=\/wp\/v2\/product\/10795","targetHints":{"allow":["GET"]}}],"collection":[{"href":"https:\/\/promoalge.com.br\/index.php?rest_route=\/wp\/v2\/product"}],"about":[{"href":"https:\/\/promoalge.com.br\/index.php?rest_route=\/wp\/v2\/types\/product"}],"wp:featuredmedia":[{"embeddable":true,"href":"https:\/\/promoalge.com.br\/index.php?rest_route=\/wp\/v2\/media\/10796"}],"wp:attachment":[{"href":"https:\/\/promoalge.com.br\/index.php?rest_route=%2Fwp%2Fv2%2Fmedia&parent=10795"}],"wp:term":[{"taxonomy":"product_brand","embeddable":true,"href":"https:\/\/promoalge.com.br\/index.php?rest_route=%2Fwp%2Fv2%2Fproduct_brand&post=10795"},{"taxonomy":"product_cat","embeddable":true,"href":"https:\/\/promoalge.com.br\/index.php?rest_route=%2Fwp%2Fv2%2Fproduct_cat&post=10795"},{"taxonomy":"product_tag","embeddable":true,"href":"https:\/\/promoalge.com.br\/index.php?rest_route=%2Fwp%2Fv2%2Fproduct_tag&post=10795"}],"curies":[{"name":"wp","href":"https:\/\/api.w.org\/{rel}","templated":true}]}}