{"id":1080,"date":"2018-08-20T12:13:00","date_gmt":"2018-08-20T15:13:00","guid":{"rendered":"http:\/\/promoalge.com.br\/?post_type=product&#038;p=1080"},"modified":"2018-08-20T12:13:48","modified_gmt":"2018-08-20T15:13:48","slug":"chaveiro-de-metal-pr2195","status":"publish","type":"product","link":"https:\/\/promoalge.com.br\/?product=chaveiro-de-metal-pr2195","title":{"rendered":"Chaveiro Met\u00e1lico &#8211; PR2195"},"content":{"rendered":"","protected":false},"excerpt":{"rendered":"<p>Chaveiro de metal com mosquet\u00e3o, chapa central em inox e al\u00e7a de nylon. Grava\u00e7\u00e3o a laser.<\/p>\n","protected":false},"featured_media":1082,"template":"","meta":[],"product_brand":[],"product_cat":[406],"product_tag":[],"class_list":{"0":"post-1080","1":"product","2":"type-product","3":"status-publish","4":"has-post-thumbnail","6":"product_cat-chaveiros","8":"first","9":"instock","10":"shipping-taxable","11":"product-type-simple"},"_links":{"self":[{"href":"https:\/\/promoalge.com.br\/index.php?rest_route=\/wp\/v2\/product\/1080","targetHints":{"allow":["GET"]}}],"collection":[{"href":"https:\/\/promoalge.com.br\/index.php?rest_route=\/wp\/v2\/product"}],"about":[{"href":"https:\/\/promoalge.com.br\/index.php?rest_route=\/wp\/v2\/types\/product"}],"wp:featuredmedia":[{"embeddable":true,"href":"https:\/\/promoalge.com.br\/index.php?rest_route=\/wp\/v2\/media\/1082"}],"wp:attachment":[{"href":"https:\/\/promoalge.com.br\/index.php?rest_route=%2Fwp%2Fv2%2Fmedia&parent=1080"}],"wp:term":[{"taxonomy":"product_brand","embeddable":true,"href":"https:\/\/promoalge.com.br\/index.php?rest_route=%2Fwp%2Fv2%2Fproduct_brand&post=1080"},{"taxonomy":"product_cat","embeddable":true,"href":"https:\/\/promoalge.com.br\/index.php?rest_route=%2Fwp%2Fv2%2Fproduct_cat&post=1080"},{"taxonomy":"product_tag","embeddable":true,"href":"https:\/\/promoalge.com.br\/index.php?rest_route=%2Fwp%2Fv2%2Fproduct_tag&post=1080"}],"curies":[{"name":"wp","href":"https:\/\/api.w.org\/{rel}","templated":true}]}}