{"id":10807,"date":"2025-07-29T16:20:47","date_gmt":"2025-07-29T19:20:47","guid":{"rendered":"https:\/\/promoalge.com.br\/?post_type=product&#038;p=10807"},"modified":"2025-07-29T16:20:47","modified_gmt":"2025-07-29T19:20:47","slug":"caneca-em-aco-inox-pr-ca9100","status":"publish","type":"product","link":"https:\/\/promoalge.com.br\/?product=caneca-em-aco-inox-pr-ca9100","title":{"rendered":"Caneca em a\u00e7o inox &#8211; PR CA9100"},"content":{"rendered":"","protected":false},"excerpt":{"rendered":"<p>Caneca em a\u00e7o inox de 350ml com tampa pl\u00e1stica. Tampa com anel de silicone antivazamento. Bico com trava de veda\u00e7\u00e3o.<\/p>\n<p>Conserva l\u00edquidos : \u2600\ufe0f 2 horas \u2744\ufe0f 4 horas<\/p>\n<p>Quantidade m\u00ednima de 50 unidades.<\/p>\n","protected":false},"featured_media":10808,"template":"","meta":[],"product_brand":[],"product_cat":[237],"product_tag":[],"class_list":{"0":"post-10807","1":"product","2":"type-product","3":"status-publish","4":"has-post-thumbnail","6":"product_cat-metalicas","8":"first","9":"instock","10":"shipping-taxable","11":"product-type-simple"},"_links":{"self":[{"href":"https:\/\/promoalge.com.br\/index.php?rest_route=\/wp\/v2\/product\/10807","targetHints":{"allow":["GET"]}}],"collection":[{"href":"https:\/\/promoalge.com.br\/index.php?rest_route=\/wp\/v2\/product"}],"about":[{"href":"https:\/\/promoalge.com.br\/index.php?rest_route=\/wp\/v2\/types\/product"}],"wp:featuredmedia":[{"embeddable":true,"href":"https:\/\/promoalge.com.br\/index.php?rest_route=\/wp\/v2\/media\/10808"}],"wp:attachment":[{"href":"https:\/\/promoalge.com.br\/index.php?rest_route=%2Fwp%2Fv2%2Fmedia&parent=10807"}],"wp:term":[{"taxonomy":"product_brand","embeddable":true,"href":"https:\/\/promoalge.com.br\/index.php?rest_route=%2Fwp%2Fv2%2Fproduct_brand&post=10807"},{"taxonomy":"product_cat","embeddable":true,"href":"https:\/\/promoalge.com.br\/index.php?rest_route=%2Fwp%2Fv2%2Fproduct_cat&post=10807"},{"taxonomy":"product_tag","embeddable":true,"href":"https:\/\/promoalge.com.br\/index.php?rest_route=%2Fwp%2Fv2%2Fproduct_tag&post=10807"}],"curies":[{"name":"wp","href":"https:\/\/api.w.org\/{rel}","templated":true}]}}