{"id":10809,"date":"2025-07-29T16:35:38","date_gmt":"2025-07-29T19:35:38","guid":{"rendered":"https:\/\/promoalge.com.br\/?post_type=product&#038;p=10809"},"modified":"2025-07-29T16:35:38","modified_gmt":"2025-07-29T19:35:38","slug":"caneca-em-aco-inox-pr-ca9200","status":"publish","type":"product","link":"https:\/\/promoalge.com.br\/?product=caneca-em-aco-inox-pr-ca9200","title":{"rendered":"Caneca em a\u00e7o inox &#8211; PR CA9200"},"content":{"rendered":"","protected":false},"excerpt":{"rendered":"<p>Caneca em a\u00e7o inox com detalhe pl\u00e1stico colorido, al\u00e7a na cor do produto. Pintura: corpo escovado, detalhe pl\u00e1stico com pintura fosca. Capacidade: 400ml<\/p>\n<p>Conserva l\u00edquidos : \u2600\ufe0f 1 hora \u2744\ufe0f 4 horas<\/p>\n<p>Quantidade m\u00ednima de 50 unidades.<\/p>\n","protected":false},"featured_media":10810,"template":"","meta":[],"product_brand":[],"product_cat":[237],"product_tag":[],"class_list":{"0":"post-10809","1":"product","2":"type-product","3":"status-publish","4":"has-post-thumbnail","6":"product_cat-metalicas","8":"first","9":"instock","10":"shipping-taxable","11":"product-type-simple"},"_links":{"self":[{"href":"https:\/\/promoalge.com.br\/index.php?rest_route=\/wp\/v2\/product\/10809","targetHints":{"allow":["GET"]}}],"collection":[{"href":"https:\/\/promoalge.com.br\/index.php?rest_route=\/wp\/v2\/product"}],"about":[{"href":"https:\/\/promoalge.com.br\/index.php?rest_route=\/wp\/v2\/types\/product"}],"wp:featuredmedia":[{"embeddable":true,"href":"https:\/\/promoalge.com.br\/index.php?rest_route=\/wp\/v2\/media\/10810"}],"wp:attachment":[{"href":"https:\/\/promoalge.com.br\/index.php?rest_route=%2Fwp%2Fv2%2Fmedia&parent=10809"}],"wp:term":[{"taxonomy":"product_brand","embeddable":true,"href":"https:\/\/promoalge.com.br\/index.php?rest_route=%2Fwp%2Fv2%2Fproduct_brand&post=10809"},{"taxonomy":"product_cat","embeddable":true,"href":"https:\/\/promoalge.com.br\/index.php?rest_route=%2Fwp%2Fv2%2Fproduct_cat&post=10809"},{"taxonomy":"product_tag","embeddable":true,"href":"https:\/\/promoalge.com.br\/index.php?rest_route=%2Fwp%2Fv2%2Fproduct_tag&post=10809"}],"curies":[{"name":"wp","href":"https:\/\/api.w.org\/{rel}","templated":true}]}}