{"id":10828,"date":"2025-07-29T17:22:19","date_gmt":"2025-07-29T20:22:19","guid":{"rendered":"https:\/\/promoalge.com.br\/?post_type=product&#038;p=10828"},"modified":"2025-07-29T17:22:19","modified_gmt":"2025-07-29T20:22:19","slug":"caneca-mixer-pr-ca0170","status":"publish","type":"product","link":"https:\/\/promoalge.com.br\/?product=caneca-mixer-pr-ca0170","title":{"rendered":"Caneca Mixer &#8211; PR CA0170"},"content":{"rendered":"","protected":false},"excerpt":{"rendered":"<p>Caneca pl\u00e1stica mixer em a\u00e7o inox na parte interna com capacidade de at\u00e9 380ml. Na parte interna possui uma capsula imantada facilitando a remo\u00e7\u00e3o para limpeza da caneca. Ideal para jun\u00e7\u00f5es de bebidas em p\u00f3. Para a fun\u00e7\u00e3o mixer funcionar \u00e9 necess\u00e1rio 2 pilhas AAA, acompanha pilha.<\/p>\n<p>Quantidade m\u00ednima de 50 unidades.<\/p>\n","protected":false},"featured_media":10829,"template":"","meta":[],"product_brand":[],"product_cat":[346],"product_tag":[],"class_list":{"0":"post-10828","1":"product","2":"type-product","3":"status-publish","4":"has-post-thumbnail","6":"product_cat-canetas-metalicas","8":"first","9":"instock","10":"shipping-taxable","11":"product-type-simple"},"_links":{"self":[{"href":"https:\/\/promoalge.com.br\/index.php?rest_route=\/wp\/v2\/product\/10828","targetHints":{"allow":["GET"]}}],"collection":[{"href":"https:\/\/promoalge.com.br\/index.php?rest_route=\/wp\/v2\/product"}],"about":[{"href":"https:\/\/promoalge.com.br\/index.php?rest_route=\/wp\/v2\/types\/product"}],"wp:featuredmedia":[{"embeddable":true,"href":"https:\/\/promoalge.com.br\/index.php?rest_route=\/wp\/v2\/media\/10829"}],"wp:attachment":[{"href":"https:\/\/promoalge.com.br\/index.php?rest_route=%2Fwp%2Fv2%2Fmedia&parent=10828"}],"wp:term":[{"taxonomy":"product_brand","embeddable":true,"href":"https:\/\/promoalge.com.br\/index.php?rest_route=%2Fwp%2Fv2%2Fproduct_brand&post=10828"},{"taxonomy":"product_cat","embeddable":true,"href":"https:\/\/promoalge.com.br\/index.php?rest_route=%2Fwp%2Fv2%2Fproduct_cat&post=10828"},{"taxonomy":"product_tag","embeddable":true,"href":"https:\/\/promoalge.com.br\/index.php?rest_route=%2Fwp%2Fv2%2Fproduct_tag&post=10828"}],"curies":[{"name":"wp","href":"https:\/\/api.w.org\/{rel}","templated":true}]}}