{"id":10852,"date":"2025-07-31T14:39:55","date_gmt":"2025-07-31T17:39:55","guid":{"rendered":"https:\/\/promoalge.com.br\/?post_type=product&#038;p=10852"},"modified":"2025-07-31T16:03:52","modified_gmt":"2025-07-31T19:03:52","slug":"copo-plastico-em-fibra-de-trigo-pr-co022","status":"publish","type":"product","link":"https:\/\/promoalge.com.br\/?product=copo-plastico-em-fibra-de-trigo-pr-co022","title":{"rendered":"Copo Pl\u00e1stico em Fibra de Trigo &#8211; PR CO022"},"content":{"rendered":"","protected":false},"excerpt":{"rendered":"<p>Copo pl\u00e1stico  produzido com fibra de trigo e pl\u00e1stico, com capacidade de 400ml e tampa rosque\u00e1vel.<\/p>\n<p>Quantidade m\u00ednima de 50 unidades.<\/p>\n","protected":false},"featured_media":10853,"template":"","meta":[],"product_brand":[],"product_cat":[251],"product_tag":[],"class_list":{"0":"post-10852","1":"product","2":"type-product","3":"status-publish","4":"has-post-thumbnail","6":"product_cat-plastica-canecas-copos-garrafas","8":"first","9":"instock","10":"shipping-taxable","11":"product-type-simple"},"_links":{"self":[{"href":"https:\/\/promoalge.com.br\/index.php?rest_route=\/wp\/v2\/product\/10852","targetHints":{"allow":["GET"]}}],"collection":[{"href":"https:\/\/promoalge.com.br\/index.php?rest_route=\/wp\/v2\/product"}],"about":[{"href":"https:\/\/promoalge.com.br\/index.php?rest_route=\/wp\/v2\/types\/product"}],"wp:featuredmedia":[{"embeddable":true,"href":"https:\/\/promoalge.com.br\/index.php?rest_route=\/wp\/v2\/media\/10853"}],"wp:attachment":[{"href":"https:\/\/promoalge.com.br\/index.php?rest_route=%2Fwp%2Fv2%2Fmedia&parent=10852"}],"wp:term":[{"taxonomy":"product_brand","embeddable":true,"href":"https:\/\/promoalge.com.br\/index.php?rest_route=%2Fwp%2Fv2%2Fproduct_brand&post=10852"},{"taxonomy":"product_cat","embeddable":true,"href":"https:\/\/promoalge.com.br\/index.php?rest_route=%2Fwp%2Fv2%2Fproduct_cat&post=10852"},{"taxonomy":"product_tag","embeddable":true,"href":"https:\/\/promoalge.com.br\/index.php?rest_route=%2Fwp%2Fv2%2Fproduct_tag&post=10852"}],"curies":[{"name":"wp","href":"https:\/\/api.w.org\/{rel}","templated":true}]}}