{"id":10858,"date":"2025-07-31T15:55:51","date_gmt":"2025-07-31T18:55:51","guid":{"rendered":"https:\/\/promoalge.com.br\/?post_type=product&#038;p=10858"},"modified":"2025-07-31T15:55:51","modified_gmt":"2025-07-31T18:55:51","slug":"copo-fibra-de-bambu-pr-co020","status":"publish","type":"product","link":"https:\/\/promoalge.com.br\/?product=copo-fibra-de-bambu-pr-co020","title":{"rendered":"Copo Fibra de Bambu &#8211; PR CO020"},"content":{"rendered":"","protected":false},"excerpt":{"rendered":"<p>Copo em fibra de bambu com pegador e prote\u00e7\u00e3o do bico em silicone, capacidade 450ml. Composi\u00e7\u00e3o: 30% de fibra de bambu e 70% de PP.<\/p>\n<p>Quantidade m\u00ednima de 50 unidades.<\/p>\n","protected":false},"featured_media":10859,"template":"","meta":[],"product_brand":[],"product_cat":[251],"product_tag":[],"class_list":{"0":"post-10858","1":"product","2":"type-product","3":"status-publish","4":"has-post-thumbnail","6":"product_cat-plastica-canecas-copos-garrafas","8":"first","9":"instock","10":"shipping-taxable","11":"product-type-simple"},"_links":{"self":[{"href":"https:\/\/promoalge.com.br\/index.php?rest_route=\/wp\/v2\/product\/10858","targetHints":{"allow":["GET"]}}],"collection":[{"href":"https:\/\/promoalge.com.br\/index.php?rest_route=\/wp\/v2\/product"}],"about":[{"href":"https:\/\/promoalge.com.br\/index.php?rest_route=\/wp\/v2\/types\/product"}],"wp:featuredmedia":[{"embeddable":true,"href":"https:\/\/promoalge.com.br\/index.php?rest_route=\/wp\/v2\/media\/10859"}],"wp:attachment":[{"href":"https:\/\/promoalge.com.br\/index.php?rest_route=%2Fwp%2Fv2%2Fmedia&parent=10858"}],"wp:term":[{"taxonomy":"product_brand","embeddable":true,"href":"https:\/\/promoalge.com.br\/index.php?rest_route=%2Fwp%2Fv2%2Fproduct_brand&post=10858"},{"taxonomy":"product_cat","embeddable":true,"href":"https:\/\/promoalge.com.br\/index.php?rest_route=%2Fwp%2Fv2%2Fproduct_cat&post=10858"},{"taxonomy":"product_tag","embeddable":true,"href":"https:\/\/promoalge.com.br\/index.php?rest_route=%2Fwp%2Fv2%2Fproduct_tag&post=10858"}],"curies":[{"name":"wp","href":"https:\/\/api.w.org\/{rel}","templated":true}]}}