{"id":10868,"date":"2025-08-04T14:51:45","date_gmt":"2025-08-04T17:51:45","guid":{"rendered":"https:\/\/promoalge.com.br\/?post_type=product&#038;p=10868"},"modified":"2025-08-04T14:51:45","modified_gmt":"2025-08-04T17:51:45","slug":"9008fone-de-ouvido-pr9008","status":"publish","type":"product","link":"https:\/\/promoalge.com.br\/?product=9008fone-de-ouvido-pr9008","title":{"rendered":"9008Fone de Ouvido &#8211; PR9008"},"content":{"rendered":"","protected":false},"excerpt":{"rendered":"<p>Fone de ouvido com conex\u00e3o bluetooth. Feito em pl\u00e1stico, seu design permite encaixe f\u00e1cil e confort\u00e1vel aos ouvidos, tornando-os quase impercept\u00edveis. Com seu tempo estimado de uso para ouvir e falar de at\u00e9 4 horas, \u00e9 poss\u00edvel aproveitar ao m\u00e1ximo toda a sua qualidade no dia a dia. Al\u00e9m disso, eles acompanham um estojo carregador e um cabo USB-C para carregamento,  medidas  Altura :  4 cm \/ Largura :  5 cm \/ Profundidade :  2,5 cm. Grava\u00e7\u00e3o serigrafia em 1 cor.<\/p>\n<p> * M\u00ednimo 50 unidades.<\/p>\n","protected":false},"featured_media":10869,"template":"","meta":[],"product_brand":[],"product_cat":[417],"product_tag":[],"class_list":{"0":"post-10868","1":"product","2":"type-product","3":"status-publish","4":"has-post-thumbnail","6":"product_cat-pendrive-tecnologia","8":"first","9":"instock","10":"shipping-taxable","11":"product-type-simple"},"_links":{"self":[{"href":"https:\/\/promoalge.com.br\/index.php?rest_route=\/wp\/v2\/product\/10868","targetHints":{"allow":["GET"]}}],"collection":[{"href":"https:\/\/promoalge.com.br\/index.php?rest_route=\/wp\/v2\/product"}],"about":[{"href":"https:\/\/promoalge.com.br\/index.php?rest_route=\/wp\/v2\/types\/product"}],"wp:featuredmedia":[{"embeddable":true,"href":"https:\/\/promoalge.com.br\/index.php?rest_route=\/wp\/v2\/media\/10869"}],"wp:attachment":[{"href":"https:\/\/promoalge.com.br\/index.php?rest_route=%2Fwp%2Fv2%2Fmedia&parent=10868"}],"wp:term":[{"taxonomy":"product_brand","embeddable":true,"href":"https:\/\/promoalge.com.br\/index.php?rest_route=%2Fwp%2Fv2%2Fproduct_brand&post=10868"},{"taxonomy":"product_cat","embeddable":true,"href":"https:\/\/promoalge.com.br\/index.php?rest_route=%2Fwp%2Fv2%2Fproduct_cat&post=10868"},{"taxonomy":"product_tag","embeddable":true,"href":"https:\/\/promoalge.com.br\/index.php?rest_route=%2Fwp%2Fv2%2Fproduct_tag&post=10868"}],"curies":[{"name":"wp","href":"https:\/\/api.w.org\/{rel}","templated":true}]}}