{"id":10883,"date":"2025-08-05T15:26:33","date_gmt":"2025-08-05T18:26:33","guid":{"rendered":"https:\/\/promoalge.com.br\/?post_type=product&#038;p=10883"},"modified":"2025-08-05T15:26:33","modified_gmt":"2025-08-05T18:26:33","slug":"garrafa-termica-pr-ga6700","status":"publish","type":"product","link":"https:\/\/promoalge.com.br\/?product=garrafa-termica-pr-ga6700","title":{"rendered":"Garrafa T\u00e9rmica &#8211; PR GA6700"},"content":{"rendered":"","protected":false},"excerpt":{"rendered":"<p>Garrafa t\u00e9rmica em a\u00e7o inox com parede dupla isolada a v\u00e1cuo, com capacidade at\u00e9 450ml. Tampa rosque\u00e1vel com anel de silicone para veda\u00e7\u00e3o. Possui infusor para ch\u00e1s.<\/p>\n<p>Display LED com term\u00f4metro digital na tampa para indicar a temperatura do l\u00edquido. Possui tampa remov\u00edvel para a troca da bateria CR2032.<\/p>\n<p>*Acompanha bateria extra modelo CR2032 em caso necessidade de substitui\u00e7\u00e3o.<\/p>\n<p>Quantidade m\u00ednima  de 50 unidades.<\/p>\n","protected":false},"featured_media":10884,"template":"","meta":[],"product_brand":[],"product_cat":[237],"product_tag":[],"class_list":{"0":"post-10883","1":"product","2":"type-product","3":"status-publish","4":"has-post-thumbnail","6":"product_cat-metalicas","8":"first","9":"instock","10":"shipping-taxable","11":"product-type-simple"},"_links":{"self":[{"href":"https:\/\/promoalge.com.br\/index.php?rest_route=\/wp\/v2\/product\/10883","targetHints":{"allow":["GET"]}}],"collection":[{"href":"https:\/\/promoalge.com.br\/index.php?rest_route=\/wp\/v2\/product"}],"about":[{"href":"https:\/\/promoalge.com.br\/index.php?rest_route=\/wp\/v2\/types\/product"}],"wp:featuredmedia":[{"embeddable":true,"href":"https:\/\/promoalge.com.br\/index.php?rest_route=\/wp\/v2\/media\/10884"}],"wp:attachment":[{"href":"https:\/\/promoalge.com.br\/index.php?rest_route=%2Fwp%2Fv2%2Fmedia&parent=10883"}],"wp:term":[{"taxonomy":"product_brand","embeddable":true,"href":"https:\/\/promoalge.com.br\/index.php?rest_route=%2Fwp%2Fv2%2Fproduct_brand&post=10883"},{"taxonomy":"product_cat","embeddable":true,"href":"https:\/\/promoalge.com.br\/index.php?rest_route=%2Fwp%2Fv2%2Fproduct_cat&post=10883"},{"taxonomy":"product_tag","embeddable":true,"href":"https:\/\/promoalge.com.br\/index.php?rest_route=%2Fwp%2Fv2%2Fproduct_tag&post=10883"}],"curies":[{"name":"wp","href":"https:\/\/api.w.org\/{rel}","templated":true}]}}