{"id":10900,"date":"2025-08-07T13:43:25","date_gmt":"2025-08-07T16:43:25","guid":{"rendered":"https:\/\/promoalge.com.br\/?post_type=product&#038;p=10900"},"modified":"2025-08-07T13:43:25","modified_gmt":"2025-08-07T16:43:25","slug":"garrafa-termica-pr-ga9110","status":"publish","type":"product","link":"https:\/\/promoalge.com.br\/?product=garrafa-termica-pr-ga9110","title":{"rendered":"Garrafa T\u00e9rmica &#8211; PR GA9110"},"content":{"rendered":"","protected":false},"excerpt":{"rendered":"<p>GA9110<br \/>\nGarrafa T\u00e9rmica<br \/>\nGarrafa t\u00e9rmica em a\u00e7o inox com parede dupla Isolada a v\u00e1cuo com capacidade de at\u00e9 500 ml. Tampa pl\u00e1stica rosque\u00e1vel, al\u00e7a em silicone e anel de silicone para veda\u00e7\u00e3o. Pintura a p\u00f3.<\/p>\n<p>Conserva l\u00edquidos : \u2600\ufe0f5 horas \u2744\ufe0f12 horas<\/p>\n<p>Quantidade m\u00ednima de 50 unidades.<\/p>\n","protected":false},"featured_media":10901,"template":"","meta":[],"product_brand":[],"product_cat":[237],"product_tag":[],"class_list":{"0":"post-10900","1":"product","2":"type-product","3":"status-publish","4":"has-post-thumbnail","6":"product_cat-metalicas","8":"first","9":"instock","10":"shipping-taxable","11":"product-type-simple"},"_links":{"self":[{"href":"https:\/\/promoalge.com.br\/index.php?rest_route=\/wp\/v2\/product\/10900","targetHints":{"allow":["GET"]}}],"collection":[{"href":"https:\/\/promoalge.com.br\/index.php?rest_route=\/wp\/v2\/product"}],"about":[{"href":"https:\/\/promoalge.com.br\/index.php?rest_route=\/wp\/v2\/types\/product"}],"wp:featuredmedia":[{"embeddable":true,"href":"https:\/\/promoalge.com.br\/index.php?rest_route=\/wp\/v2\/media\/10901"}],"wp:attachment":[{"href":"https:\/\/promoalge.com.br\/index.php?rest_route=%2Fwp%2Fv2%2Fmedia&parent=10900"}],"wp:term":[{"taxonomy":"product_brand","embeddable":true,"href":"https:\/\/promoalge.com.br\/index.php?rest_route=%2Fwp%2Fv2%2Fproduct_brand&post=10900"},{"taxonomy":"product_cat","embeddable":true,"href":"https:\/\/promoalge.com.br\/index.php?rest_route=%2Fwp%2Fv2%2Fproduct_cat&post=10900"},{"taxonomy":"product_tag","embeddable":true,"href":"https:\/\/promoalge.com.br\/index.php?rest_route=%2Fwp%2Fv2%2Fproduct_tag&post=10900"}],"curies":[{"name":"wp","href":"https:\/\/api.w.org\/{rel}","templated":true}]}}