{"id":10902,"date":"2025-08-07T13:56:37","date_gmt":"2025-08-07T16:56:37","guid":{"rendered":"https:\/\/promoalge.com.br\/?post_type=product&#038;p=10902"},"modified":"2025-08-07T13:56:37","modified_gmt":"2025-08-07T16:56:37","slug":"garrafa-termica-pr-ga9100a","status":"publish","type":"product","link":"https:\/\/promoalge.com.br\/?product=garrafa-termica-pr-ga9100a","title":{"rendered":"Garrafa T\u00e9rmica &#8211; PR GA9100A"},"content":{"rendered":"","protected":false},"excerpt":{"rendered":"<p>Garrafa t\u00e9rmica em a\u00e7o inox com parede dupla isolada a v\u00e1cuo e capacidade de 500ml. Al\u00e7a de transporte em cord\u00e3o. Tampa rosque\u00e1vel, vedada por um anel de silicone e com uma argola tipo mosquet\u00e3o para o cord\u00e3o. Parte superior da tampa possui um compartimento para pequenos objetos que acompanha um cord\u00e3o adicional de 68cm para substitui\u00e7\u00e3o e cord\u00e3o de m\u00e3o com 10cm. Possui copo adicional rosque\u00e1vel na parte inferior da garrafa de 250ml.<\/p>\n<p>Conserva l\u00edquidos : \u2600\ufe0f8 horas \u2744\ufe0f12 horas<\/p>\n<p>Quantidade m\u00ednima de 50 unidades.<\/p>\n","protected":false},"featured_media":10903,"template":"","meta":[],"product_brand":[],"product_cat":[237],"product_tag":[],"class_list":{"0":"post-10902","1":"product","2":"type-product","3":"status-publish","4":"has-post-thumbnail","6":"product_cat-metalicas","8":"first","9":"instock","10":"shipping-taxable","11":"product-type-simple"},"_links":{"self":[{"href":"https:\/\/promoalge.com.br\/index.php?rest_route=\/wp\/v2\/product\/10902","targetHints":{"allow":["GET"]}}],"collection":[{"href":"https:\/\/promoalge.com.br\/index.php?rest_route=\/wp\/v2\/product"}],"about":[{"href":"https:\/\/promoalge.com.br\/index.php?rest_route=\/wp\/v2\/types\/product"}],"wp:featuredmedia":[{"embeddable":true,"href":"https:\/\/promoalge.com.br\/index.php?rest_route=\/wp\/v2\/media\/10903"}],"wp:attachment":[{"href":"https:\/\/promoalge.com.br\/index.php?rest_route=%2Fwp%2Fv2%2Fmedia&parent=10902"}],"wp:term":[{"taxonomy":"product_brand","embeddable":true,"href":"https:\/\/promoalge.com.br\/index.php?rest_route=%2Fwp%2Fv2%2Fproduct_brand&post=10902"},{"taxonomy":"product_cat","embeddable":true,"href":"https:\/\/promoalge.com.br\/index.php?rest_route=%2Fwp%2Fv2%2Fproduct_cat&post=10902"},{"taxonomy":"product_tag","embeddable":true,"href":"https:\/\/promoalge.com.br\/index.php?rest_route=%2Fwp%2Fv2%2Fproduct_tag&post=10902"}],"curies":[{"name":"wp","href":"https:\/\/api.w.org\/{rel}","templated":true}]}}