{"id":10912,"date":"2025-08-07T14:35:38","date_gmt":"2025-08-07T17:35:38","guid":{"rendered":"https:\/\/promoalge.com.br\/?post_type=product&#038;p=10912"},"modified":"2025-08-07T14:35:39","modified_gmt":"2025-08-07T17:35:39","slug":"garrafa-termica-pr-ga6120","status":"publish","type":"product","link":"https:\/\/promoalge.com.br\/?product=garrafa-termica-pr-ga6120","title":{"rendered":"Garrafa T\u00e9rmica &#8211; PR GA6120"},"content":{"rendered":"","protected":false},"excerpt":{"rendered":"<p>Garrafa t\u00e9rmica em a\u00e7o inox com parede dupla isolada a v\u00e1cuo com capacidade de 600ml. Tampa rosque\u00e1vel com revestimento em fibra de bambu e al\u00e7a de transporte em metal.<\/p>\n<p>Conserva l\u00edquidos : \u2600\ufe0f8 horas \u2744\ufe0f12 horas<\/p>\n<p>Quantidade m\u00ednima de 50 unidades.<\/p>\n","protected":false},"featured_media":10913,"template":"","meta":[],"product_brand":[],"product_cat":[237],"product_tag":[],"class_list":{"0":"post-10912","1":"product","2":"type-product","3":"status-publish","4":"has-post-thumbnail","6":"product_cat-metalicas","8":"first","9":"instock","10":"shipping-taxable","11":"product-type-simple"},"_links":{"self":[{"href":"https:\/\/promoalge.com.br\/index.php?rest_route=\/wp\/v2\/product\/10912","targetHints":{"allow":["GET"]}}],"collection":[{"href":"https:\/\/promoalge.com.br\/index.php?rest_route=\/wp\/v2\/product"}],"about":[{"href":"https:\/\/promoalge.com.br\/index.php?rest_route=\/wp\/v2\/types\/product"}],"wp:featuredmedia":[{"embeddable":true,"href":"https:\/\/promoalge.com.br\/index.php?rest_route=\/wp\/v2\/media\/10913"}],"wp:attachment":[{"href":"https:\/\/promoalge.com.br\/index.php?rest_route=%2Fwp%2Fv2%2Fmedia&parent=10912"}],"wp:term":[{"taxonomy":"product_brand","embeddable":true,"href":"https:\/\/promoalge.com.br\/index.php?rest_route=%2Fwp%2Fv2%2Fproduct_brand&post=10912"},{"taxonomy":"product_cat","embeddable":true,"href":"https:\/\/promoalge.com.br\/index.php?rest_route=%2Fwp%2Fv2%2Fproduct_cat&post=10912"},{"taxonomy":"product_tag","embeddable":true,"href":"https:\/\/promoalge.com.br\/index.php?rest_route=%2Fwp%2Fv2%2Fproduct_tag&post=10912"}],"curies":[{"name":"wp","href":"https:\/\/api.w.org\/{rel}","templated":true}]}}