{"id":10935,"date":"2025-08-07T16:15:08","date_gmt":"2025-08-07T19:15:08","guid":{"rendered":"https:\/\/promoalge.com.br\/?post_type=product&#038;p=10935"},"modified":"2025-08-07T16:15:09","modified_gmt":"2025-08-07T19:15:09","slug":"garrafa-termica-pr-gt100","status":"publish","type":"product","link":"https:\/\/promoalge.com.br\/?product=garrafa-termica-pr-gt100","title":{"rendered":"Garrafa T\u00e9rmica &#8211; PR GT100"},"content":{"rendered":"","protected":false},"excerpt":{"rendered":"<p>Garrafa T\u00e9rmica com parede dupla em a\u00e7o inox Isolada a v\u00e1cuo com capacidade de 950ml, parede externa com pintura a p\u00f3. Al\u00e7a de transporte lateral em pl\u00e1stico. Tampa pl\u00e1stica rosque\u00e1vel com veda\u00e7\u00e3o em silicone, possui sistema corta-pingo.<\/p>\n<p>Conserva l\u00edquidos : \u2600\ufe0f8 horas \u2744\ufe0f12 horas<\/p>\n<p>Quantidade m\u00ednima de 50 unidades.<\/p>\n","protected":false},"featured_media":10936,"template":"","meta":[],"product_brand":[],"product_cat":[237],"product_tag":[],"class_list":{"0":"post-10935","1":"product","2":"type-product","3":"status-publish","4":"has-post-thumbnail","6":"product_cat-metalicas","8":"first","9":"instock","10":"shipping-taxable","11":"product-type-simple"},"_links":{"self":[{"href":"https:\/\/promoalge.com.br\/index.php?rest_route=\/wp\/v2\/product\/10935","targetHints":{"allow":["GET"]}}],"collection":[{"href":"https:\/\/promoalge.com.br\/index.php?rest_route=\/wp\/v2\/product"}],"about":[{"href":"https:\/\/promoalge.com.br\/index.php?rest_route=\/wp\/v2\/types\/product"}],"wp:featuredmedia":[{"embeddable":true,"href":"https:\/\/promoalge.com.br\/index.php?rest_route=\/wp\/v2\/media\/10936"}],"wp:attachment":[{"href":"https:\/\/promoalge.com.br\/index.php?rest_route=%2Fwp%2Fv2%2Fmedia&parent=10935"}],"wp:term":[{"taxonomy":"product_brand","embeddable":true,"href":"https:\/\/promoalge.com.br\/index.php?rest_route=%2Fwp%2Fv2%2Fproduct_brand&post=10935"},{"taxonomy":"product_cat","embeddable":true,"href":"https:\/\/promoalge.com.br\/index.php?rest_route=%2Fwp%2Fv2%2Fproduct_cat&post=10935"},{"taxonomy":"product_tag","embeddable":true,"href":"https:\/\/promoalge.com.br\/index.php?rest_route=%2Fwp%2Fv2%2Fproduct_tag&post=10935"}],"curies":[{"name":"wp","href":"https:\/\/api.w.org\/{rel}","templated":true}]}}