{"id":10939,"date":"2025-08-07T17:03:28","date_gmt":"2025-08-07T20:03:28","guid":{"rendered":"https:\/\/promoalge.com.br\/?post_type=product&#038;p=10939"},"modified":"2025-08-07T17:03:28","modified_gmt":"2025-08-07T20:03:28","slug":"garrafa-termica-pr-ga8700","status":"publish","type":"product","link":"https:\/\/promoalge.com.br\/?product=garrafa-termica-pr-ga8700","title":{"rendered":"Garrafa T\u00e9rmica &#8211; PR GA8700"},"content":{"rendered":"","protected":false},"excerpt":{"rendered":"<p>Garrafa t\u00e9rmica em a\u00e7o inox de 1,2L com parede dupla e isolamento a v\u00e1cuo. Possui al\u00e7a lateral pl\u00e1stica e al\u00e7a em nylon para encaixe, facilitando o transporte. Tampa rosque\u00e1vel com veda\u00e7\u00e3o em silicone, que tamb\u00e9m pode ser utilizada como copo de 300ml.<\/p>\n<p>Conserva l\u00edquidos : \u2600\ufe0f 12 horas \u2744\ufe0f24 horas<\/p>\n<p>Quantidade m\u00ednima de 50 unidades<\/p>\n","protected":false},"featured_media":10940,"template":"","meta":[],"product_brand":[],"product_cat":[237],"product_tag":[],"class_list":{"0":"post-10939","1":"product","2":"type-product","3":"status-publish","4":"has-post-thumbnail","6":"product_cat-metalicas","8":"first","9":"instock","10":"shipping-taxable","11":"product-type-simple"},"_links":{"self":[{"href":"https:\/\/promoalge.com.br\/index.php?rest_route=\/wp\/v2\/product\/10939","targetHints":{"allow":["GET"]}}],"collection":[{"href":"https:\/\/promoalge.com.br\/index.php?rest_route=\/wp\/v2\/product"}],"about":[{"href":"https:\/\/promoalge.com.br\/index.php?rest_route=\/wp\/v2\/types\/product"}],"wp:featuredmedia":[{"embeddable":true,"href":"https:\/\/promoalge.com.br\/index.php?rest_route=\/wp\/v2\/media\/10940"}],"wp:attachment":[{"href":"https:\/\/promoalge.com.br\/index.php?rest_route=%2Fwp%2Fv2%2Fmedia&parent=10939"}],"wp:term":[{"taxonomy":"product_brand","embeddable":true,"href":"https:\/\/promoalge.com.br\/index.php?rest_route=%2Fwp%2Fv2%2Fproduct_brand&post=10939"},{"taxonomy":"product_cat","embeddable":true,"href":"https:\/\/promoalge.com.br\/index.php?rest_route=%2Fwp%2Fv2%2Fproduct_cat&post=10939"},{"taxonomy":"product_tag","embeddable":true,"href":"https:\/\/promoalge.com.br\/index.php?rest_route=%2Fwp%2Fv2%2Fproduct_tag&post=10939"}],"curies":[{"name":"wp","href":"https:\/\/api.w.org\/{rel}","templated":true}]}}