{"id":10941,"date":"2025-08-12T13:59:45","date_gmt":"2025-08-12T16:59:45","guid":{"rendered":"https:\/\/promoalge.com.br\/?post_type=product&#038;p=10941"},"modified":"2025-08-12T13:59:45","modified_gmt":"2025-08-12T16:59:45","slug":"garrafa-aco-inox-pr-ga8900s","status":"publish","type":"product","link":"https:\/\/promoalge.com.br\/?product=garrafa-aco-inox-pr-ga8900s","title":{"rendered":"Garrafa A\u00e7o Inox &#8211; PR GA8900S"},"content":{"rendered":"","protected":false},"excerpt":{"rendered":"<p>Garrafa em a\u00e7o inox com capacidade de at\u00e9 780 ml. Tampa rosque\u00e1vel com anel de silicone, al\u00e7a pl\u00e1stica em formato de mosquet\u00e3o e bico rosque\u00e1vel para f\u00e1cil acesso. Design com frisos na tampa e pintura p\u00f3.<\/p>\n<p>Quantidade m\u00ednima de 50 unidades.<\/p>\n","protected":false},"featured_media":10943,"template":"","meta":[],"product_brand":[],"product_cat":[237],"product_tag":[],"class_list":{"0":"post-10941","1":"product","2":"type-product","3":"status-publish","4":"has-post-thumbnail","6":"product_cat-metalicas","8":"first","9":"instock","10":"shipping-taxable","11":"product-type-simple"},"_links":{"self":[{"href":"https:\/\/promoalge.com.br\/index.php?rest_route=\/wp\/v2\/product\/10941","targetHints":{"allow":["GET"]}}],"collection":[{"href":"https:\/\/promoalge.com.br\/index.php?rest_route=\/wp\/v2\/product"}],"about":[{"href":"https:\/\/promoalge.com.br\/index.php?rest_route=\/wp\/v2\/types\/product"}],"wp:featuredmedia":[{"embeddable":true,"href":"https:\/\/promoalge.com.br\/index.php?rest_route=\/wp\/v2\/media\/10943"}],"wp:attachment":[{"href":"https:\/\/promoalge.com.br\/index.php?rest_route=%2Fwp%2Fv2%2Fmedia&parent=10941"}],"wp:term":[{"taxonomy":"product_brand","embeddable":true,"href":"https:\/\/promoalge.com.br\/index.php?rest_route=%2Fwp%2Fv2%2Fproduct_brand&post=10941"},{"taxonomy":"product_cat","embeddable":true,"href":"https:\/\/promoalge.com.br\/index.php?rest_route=%2Fwp%2Fv2%2Fproduct_cat&post=10941"},{"taxonomy":"product_tag","embeddable":true,"href":"https:\/\/promoalge.com.br\/index.php?rest_route=%2Fwp%2Fv2%2Fproduct_tag&post=10941"}],"curies":[{"name":"wp","href":"https:\/\/api.w.org\/{rel}","templated":true}]}}