{"id":10954,"date":"2025-08-12T14:51:58","date_gmt":"2025-08-12T17:51:58","guid":{"rendered":"https:\/\/promoalge.com.br\/?post_type=product&#038;p=10954"},"modified":"2025-08-12T14:51:58","modified_gmt":"2025-08-12T17:51:58","slug":"garrafa-em-aluminio-pr-ga5100","status":"publish","type":"product","link":"https:\/\/promoalge.com.br\/?product=garrafa-em-aluminio-pr-ga5100","title":{"rendered":"Garrafa em Alum\u00ednio &#8211; PR GA5100"},"content":{"rendered":"","protected":false},"excerpt":{"rendered":"<p>Garrafa de alum\u00ednio com capacidade de at\u00e9 650ml em cores. Tampa rosque\u00e1vel, bico com tampa vedada de acesso r\u00e1pido, e al\u00e7a para transporte.<\/p>\n<p>Quantidade m\u00ednima de 50 unidades.<\/p>\n","protected":false},"featured_media":10955,"template":"","meta":[],"product_brand":[],"product_cat":[237],"product_tag":[],"class_list":{"0":"post-10954","1":"product","2":"type-product","3":"status-publish","4":"has-post-thumbnail","6":"product_cat-metalicas","8":"first","9":"instock","10":"shipping-taxable","11":"product-type-simple"},"_links":{"self":[{"href":"https:\/\/promoalge.com.br\/index.php?rest_route=\/wp\/v2\/product\/10954","targetHints":{"allow":["GET"]}}],"collection":[{"href":"https:\/\/promoalge.com.br\/index.php?rest_route=\/wp\/v2\/product"}],"about":[{"href":"https:\/\/promoalge.com.br\/index.php?rest_route=\/wp\/v2\/types\/product"}],"wp:featuredmedia":[{"embeddable":true,"href":"https:\/\/promoalge.com.br\/index.php?rest_route=\/wp\/v2\/media\/10955"}],"wp:attachment":[{"href":"https:\/\/promoalge.com.br\/index.php?rest_route=%2Fwp%2Fv2%2Fmedia&parent=10954"}],"wp:term":[{"taxonomy":"product_brand","embeddable":true,"href":"https:\/\/promoalge.com.br\/index.php?rest_route=%2Fwp%2Fv2%2Fproduct_brand&post=10954"},{"taxonomy":"product_cat","embeddable":true,"href":"https:\/\/promoalge.com.br\/index.php?rest_route=%2Fwp%2Fv2%2Fproduct_cat&post=10954"},{"taxonomy":"product_tag","embeddable":true,"href":"https:\/\/promoalge.com.br\/index.php?rest_route=%2Fwp%2Fv2%2Fproduct_tag&post=10954"}],"curies":[{"name":"wp","href":"https:\/\/api.w.org\/{rel}","templated":true}]}}