{"id":10956,"date":"2025-08-12T14:55:17","date_gmt":"2025-08-12T17:55:17","guid":{"rendered":"https:\/\/promoalge.com.br\/?post_type=product&#038;p=10956"},"modified":"2025-08-12T14:55:17","modified_gmt":"2025-08-12T17:55:17","slug":"garrafa-em-aluminio-com-mosquetao-pr-ga7800","status":"publish","type":"product","link":"https:\/\/promoalge.com.br\/?product=garrafa-em-aluminio-com-mosquetao-pr-ga7800","title":{"rendered":"Garrafa em Alum\u00ednio com mosquet\u00e3o &#8211; PR GA7800"},"content":{"rendered":"","protected":false},"excerpt":{"rendered":"<p>Garrafa em alum\u00ednio com capacidade de 750ml. Tampa de pl\u00e1stico rosque\u00e1vel com mosquet\u00e3o colorido. Pintura met\u00e1lica.<\/p>\n<p>Quantidade m\u00ednima de 50 unidades.<\/p>\n","protected":false},"featured_media":10957,"template":"","meta":[],"product_brand":[],"product_cat":[237],"product_tag":[],"class_list":{"0":"post-10956","1":"product","2":"type-product","3":"status-publish","4":"has-post-thumbnail","6":"product_cat-metalicas","8":"first","9":"instock","10":"shipping-taxable","11":"product-type-simple"},"_links":{"self":[{"href":"https:\/\/promoalge.com.br\/index.php?rest_route=\/wp\/v2\/product\/10956","targetHints":{"allow":["GET"]}}],"collection":[{"href":"https:\/\/promoalge.com.br\/index.php?rest_route=\/wp\/v2\/product"}],"about":[{"href":"https:\/\/promoalge.com.br\/index.php?rest_route=\/wp\/v2\/types\/product"}],"wp:featuredmedia":[{"embeddable":true,"href":"https:\/\/promoalge.com.br\/index.php?rest_route=\/wp\/v2\/media\/10957"}],"wp:attachment":[{"href":"https:\/\/promoalge.com.br\/index.php?rest_route=%2Fwp%2Fv2%2Fmedia&parent=10956"}],"wp:term":[{"taxonomy":"product_brand","embeddable":true,"href":"https:\/\/promoalge.com.br\/index.php?rest_route=%2Fwp%2Fv2%2Fproduct_brand&post=10956"},{"taxonomy":"product_cat","embeddable":true,"href":"https:\/\/promoalge.com.br\/index.php?rest_route=%2Fwp%2Fv2%2Fproduct_cat&post=10956"},{"taxonomy":"product_tag","embeddable":true,"href":"https:\/\/promoalge.com.br\/index.php?rest_route=%2Fwp%2Fv2%2Fproduct_tag&post=10956"}],"curies":[{"name":"wp","href":"https:\/\/api.w.org\/{rel}","templated":true}]}}