{"id":10958,"date":"2025-08-12T15:18:01","date_gmt":"2025-08-12T18:18:01","guid":{"rendered":"https:\/\/promoalge.com.br\/?post_type=product&#038;p=10958"},"modified":"2025-08-12T15:18:01","modified_gmt":"2025-08-12T18:18:01","slug":"garrafa-em-aluminio-reciclado-pr-ga7950","status":"publish","type":"product","link":"https:\/\/promoalge.com.br\/?product=garrafa-em-aluminio-reciclado-pr-ga7950","title":{"rendered":"Garrafa em Alum\u00ednio Reciclado &#8211; PR GA7950"},"content":{"rendered":"","protected":false},"excerpt":{"rendered":"<p>Garrafa em alum\u00ednio reciclado com capacidade de 550ml. Tampa rosque\u00e1vel em inox. Pintura fosca.<\/p>\n<p>*Todas as garrafas acompanham etiqueta em papel kraft com descri\u00e7\u00e3o do produto.<\/p>\n<p>*Apresenta s\u00edmbolo de recicl\u00e1vel na parte traseira do produto.<\/p>\n<p>Quantidade m\u00ednima de 50 unidades.<\/p>\n","protected":false},"featured_media":10959,"template":"","meta":[],"product_brand":[],"product_cat":[237],"product_tag":[],"class_list":{"0":"post-10958","1":"product","2":"type-product","3":"status-publish","4":"has-post-thumbnail","6":"product_cat-metalicas","8":"first","9":"instock","10":"shipping-taxable","11":"product-type-simple"},"_links":{"self":[{"href":"https:\/\/promoalge.com.br\/index.php?rest_route=\/wp\/v2\/product\/10958","targetHints":{"allow":["GET"]}}],"collection":[{"href":"https:\/\/promoalge.com.br\/index.php?rest_route=\/wp\/v2\/product"}],"about":[{"href":"https:\/\/promoalge.com.br\/index.php?rest_route=\/wp\/v2\/types\/product"}],"wp:featuredmedia":[{"embeddable":true,"href":"https:\/\/promoalge.com.br\/index.php?rest_route=\/wp\/v2\/media\/10959"}],"wp:attachment":[{"href":"https:\/\/promoalge.com.br\/index.php?rest_route=%2Fwp%2Fv2%2Fmedia&parent=10958"}],"wp:term":[{"taxonomy":"product_brand","embeddable":true,"href":"https:\/\/promoalge.com.br\/index.php?rest_route=%2Fwp%2Fv2%2Fproduct_brand&post=10958"},{"taxonomy":"product_cat","embeddable":true,"href":"https:\/\/promoalge.com.br\/index.php?rest_route=%2Fwp%2Fv2%2Fproduct_cat&post=10958"},{"taxonomy":"product_tag","embeddable":true,"href":"https:\/\/promoalge.com.br\/index.php?rest_route=%2Fwp%2Fv2%2Fproduct_tag&post=10958"}],"curies":[{"name":"wp","href":"https:\/\/api.w.org\/{rel}","templated":true}]}}