{"id":10965,"date":"2025-08-14T13:11:28","date_gmt":"2025-08-14T16:11:28","guid":{"rendered":"https:\/\/promoalge.com.br\/?post_type=product&#038;p=10965"},"modified":"2025-08-14T13:11:28","modified_gmt":"2025-08-14T16:11:28","slug":"garrafa-em-aluminio-pr-ga8000","status":"publish","type":"product","link":"https:\/\/promoalge.com.br\/?product=garrafa-em-aluminio-pr-ga8000","title":{"rendered":"Garrafa em Alum\u00ednio &#8211; PR GA8000"},"content":{"rendered":"","protected":false},"excerpt":{"rendered":"<p>Garrafa em alum\u00ednio com capacidade de 650ml. Tampa rosque\u00e1vel em pl\u00e1stico com al\u00e7a em silicone na cor do produto. Pintura fosca.<\/p>\n<p>Quantidade m\u00ednima de 50 unidades.<\/p>\n","protected":false},"featured_media":10966,"template":"","meta":[],"product_brand":[],"product_cat":[237],"product_tag":[],"class_list":{"0":"post-10965","1":"product","2":"type-product","3":"status-publish","4":"has-post-thumbnail","6":"product_cat-metalicas","8":"first","9":"instock","10":"shipping-taxable","11":"product-type-simple"},"_links":{"self":[{"href":"https:\/\/promoalge.com.br\/index.php?rest_route=\/wp\/v2\/product\/10965","targetHints":{"allow":["GET"]}}],"collection":[{"href":"https:\/\/promoalge.com.br\/index.php?rest_route=\/wp\/v2\/product"}],"about":[{"href":"https:\/\/promoalge.com.br\/index.php?rest_route=\/wp\/v2\/types\/product"}],"wp:featuredmedia":[{"embeddable":true,"href":"https:\/\/promoalge.com.br\/index.php?rest_route=\/wp\/v2\/media\/10966"}],"wp:attachment":[{"href":"https:\/\/promoalge.com.br\/index.php?rest_route=%2Fwp%2Fv2%2Fmedia&parent=10965"}],"wp:term":[{"taxonomy":"product_brand","embeddable":true,"href":"https:\/\/promoalge.com.br\/index.php?rest_route=%2Fwp%2Fv2%2Fproduct_brand&post=10965"},{"taxonomy":"product_cat","embeddable":true,"href":"https:\/\/promoalge.com.br\/index.php?rest_route=%2Fwp%2Fv2%2Fproduct_cat&post=10965"},{"taxonomy":"product_tag","embeddable":true,"href":"https:\/\/promoalge.com.br\/index.php?rest_route=%2Fwp%2Fv2%2Fproduct_tag&post=10965"}],"curies":[{"name":"wp","href":"https:\/\/api.w.org\/{rel}","templated":true}]}}