{"id":10970,"date":"2025-08-14T13:19:15","date_gmt":"2025-08-14T16:19:15","guid":{"rendered":"https:\/\/promoalge.com.br\/?post_type=product&#038;p=10970"},"modified":"2025-08-14T13:19:15","modified_gmt":"2025-08-14T16:19:15","slug":"garrafa-pet-pr-ga7520","status":"publish","type":"product","link":"https:\/\/promoalge.com.br\/?product=garrafa-pet-pr-ga7520","title":{"rendered":"Garrafa PET &#8211; PR GA7520"},"content":{"rendered":"","protected":false},"excerpt":{"rendered":"<p>Garrafa *RPET com capacidade de 550ml. Tampa pl\u00e1stica rosque\u00e1vel com al\u00e7a de transporte integrada.<\/p>\n<p>*RPET: Tereftalato de polietileno reciclado<\/p>\n<p>Quantidade m\u00ednima de 50 unidades.<\/p>\n","protected":false},"featured_media":10971,"template":"","meta":[],"product_brand":[],"product_cat":[237],"product_tag":[],"class_list":{"0":"post-10970","1":"product","2":"type-product","3":"status-publish","4":"has-post-thumbnail","6":"product_cat-metalicas","8":"first","9":"instock","10":"shipping-taxable","11":"product-type-simple"},"_links":{"self":[{"href":"https:\/\/promoalge.com.br\/index.php?rest_route=\/wp\/v2\/product\/10970","targetHints":{"allow":["GET"]}}],"collection":[{"href":"https:\/\/promoalge.com.br\/index.php?rest_route=\/wp\/v2\/product"}],"about":[{"href":"https:\/\/promoalge.com.br\/index.php?rest_route=\/wp\/v2\/types\/product"}],"wp:featuredmedia":[{"embeddable":true,"href":"https:\/\/promoalge.com.br\/index.php?rest_route=\/wp\/v2\/media\/10971"}],"wp:attachment":[{"href":"https:\/\/promoalge.com.br\/index.php?rest_route=%2Fwp%2Fv2%2Fmedia&parent=10970"}],"wp:term":[{"taxonomy":"product_brand","embeddable":true,"href":"https:\/\/promoalge.com.br\/index.php?rest_route=%2Fwp%2Fv2%2Fproduct_brand&post=10970"},{"taxonomy":"product_cat","embeddable":true,"href":"https:\/\/promoalge.com.br\/index.php?rest_route=%2Fwp%2Fv2%2Fproduct_cat&post=10970"},{"taxonomy":"product_tag","embeddable":true,"href":"https:\/\/promoalge.com.br\/index.php?rest_route=%2Fwp%2Fv2%2Fproduct_tag&post=10970"}],"curies":[{"name":"wp","href":"https:\/\/api.w.org\/{rel}","templated":true}]}}