{"id":10972,"date":"2025-08-14T13:24:17","date_gmt":"2025-08-14T16:24:17","guid":{"rendered":"https:\/\/promoalge.com.br\/?post_type=product&#038;p=10972"},"modified":"2025-08-14T13:24:17","modified_gmt":"2025-08-14T16:24:17","slug":"garrafa-pet-pr-ga7500","status":"publish","type":"product","link":"https:\/\/promoalge.com.br\/?product=garrafa-pet-pr-ga7500","title":{"rendered":"Garrafa PET &#8211; PR GA7500"},"content":{"rendered":"","protected":false},"excerpt":{"rendered":"<p>Garrafa *RPET com capacidade de at\u00e9 550ml (Verde, Transparente e Vermelho). Al\u00e7a de transporte em cord\u00e3o e tampa rosque\u00e1vel de metal.<\/p>\n<p>*RPET: Tereftalato de polietileno reciclado<\/p>\n<p>As cores Preto, Azul e Laranja possuem 600ml com dimens\u00e3o de: 21x\u00f86,3cm<\/p>\n<p>Quantidade m\u00ednima de 50 unidades.<\/p>\n","protected":false},"featured_media":10973,"template":"","meta":[],"product_brand":[],"product_cat":[251],"product_tag":[],"class_list":{"0":"post-10972","1":"product","2":"type-product","3":"status-publish","4":"has-post-thumbnail","6":"product_cat-plastica-canecas-copos-garrafas","8":"first","9":"instock","10":"shipping-taxable","11":"product-type-simple"},"_links":{"self":[{"href":"https:\/\/promoalge.com.br\/index.php?rest_route=\/wp\/v2\/product\/10972","targetHints":{"allow":["GET"]}}],"collection":[{"href":"https:\/\/promoalge.com.br\/index.php?rest_route=\/wp\/v2\/product"}],"about":[{"href":"https:\/\/promoalge.com.br\/index.php?rest_route=\/wp\/v2\/types\/product"}],"wp:featuredmedia":[{"embeddable":true,"href":"https:\/\/promoalge.com.br\/index.php?rest_route=\/wp\/v2\/media\/10973"}],"wp:attachment":[{"href":"https:\/\/promoalge.com.br\/index.php?rest_route=%2Fwp%2Fv2%2Fmedia&parent=10972"}],"wp:term":[{"taxonomy":"product_brand","embeddable":true,"href":"https:\/\/promoalge.com.br\/index.php?rest_route=%2Fwp%2Fv2%2Fproduct_brand&post=10972"},{"taxonomy":"product_cat","embeddable":true,"href":"https:\/\/promoalge.com.br\/index.php?rest_route=%2Fwp%2Fv2%2Fproduct_cat&post=10972"},{"taxonomy":"product_tag","embeddable":true,"href":"https:\/\/promoalge.com.br\/index.php?rest_route=%2Fwp%2Fv2%2Fproduct_tag&post=10972"}],"curies":[{"name":"wp","href":"https:\/\/api.w.org\/{rel}","templated":true}]}}