{"id":10978,"date":"2025-08-14T13:37:34","date_gmt":"2025-08-14T16:37:34","guid":{"rendered":"https:\/\/promoalge.com.br\/?post_type=product&#038;p=10978"},"modified":"2025-08-14T13:37:34","modified_gmt":"2025-08-14T16:37:34","slug":"garrafa-plastica-pr-ga6025","status":"publish","type":"product","link":"https:\/\/promoalge.com.br\/?product=garrafa-plastica-pr-ga6025","title":{"rendered":"Garrafa Pl\u00e1stica &#8211; PR GA6025"},"content":{"rendered":"","protected":false},"excerpt":{"rendered":"<p>Garrafa pl\u00e1stica com capacidade de at\u00e9 570 ml com filtro, al\u00e7a de silicone e tampa rosque\u00e1vel em metal, com anel silicone para veda\u00e7\u00e3o. Pintura fosca jateada. A t\u00e9cnina que \u00e9 utilizada para grava\u00e7\u00e3o \u00e9 silk screen com tinta bi-componentes, sendo possivel tamb\u00e9m gravar em UV DIGITAL preparando a garrafa com promotor de ader\u00eancia antes de receber a impress\u00e3o.<\/p>\n<p>Quantidade m\u00ednima de 50 unidades.<\/p>\n","protected":false},"featured_media":10979,"template":"","meta":[],"product_brand":[],"product_cat":[251],"product_tag":[],"class_list":{"0":"post-10978","1":"product","2":"type-product","3":"status-publish","4":"has-post-thumbnail","6":"product_cat-plastica-canecas-copos-garrafas","8":"first","9":"instock","10":"shipping-taxable","11":"product-type-simple"},"_links":{"self":[{"href":"https:\/\/promoalge.com.br\/index.php?rest_route=\/wp\/v2\/product\/10978","targetHints":{"allow":["GET"]}}],"collection":[{"href":"https:\/\/promoalge.com.br\/index.php?rest_route=\/wp\/v2\/product"}],"about":[{"href":"https:\/\/promoalge.com.br\/index.php?rest_route=\/wp\/v2\/types\/product"}],"wp:featuredmedia":[{"embeddable":true,"href":"https:\/\/promoalge.com.br\/index.php?rest_route=\/wp\/v2\/media\/10979"}],"wp:attachment":[{"href":"https:\/\/promoalge.com.br\/index.php?rest_route=%2Fwp%2Fv2%2Fmedia&parent=10978"}],"wp:term":[{"taxonomy":"product_brand","embeddable":true,"href":"https:\/\/promoalge.com.br\/index.php?rest_route=%2Fwp%2Fv2%2Fproduct_brand&post=10978"},{"taxonomy":"product_cat","embeddable":true,"href":"https:\/\/promoalge.com.br\/index.php?rest_route=%2Fwp%2Fv2%2Fproduct_cat&post=10978"},{"taxonomy":"product_tag","embeddable":true,"href":"https:\/\/promoalge.com.br\/index.php?rest_route=%2Fwp%2Fv2%2Fproduct_tag&post=10978"}],"curies":[{"name":"wp","href":"https:\/\/api.w.org\/{rel}","templated":true}]}}