{"id":10982,"date":"2025-08-14T13:47:14","date_gmt":"2025-08-14T16:47:14","guid":{"rendered":"https:\/\/promoalge.com.br\/?post_type=product&#038;p=10982"},"modified":"2025-08-14T13:47:14","modified_gmt":"2025-08-14T16:47:14","slug":"garrafa-de-vidro-pr-ga7700","status":"publish","type":"product","link":"https:\/\/promoalge.com.br\/?product=garrafa-de-vidro-pr-ga7700","title":{"rendered":"Garrafa de Vidro &#8211; PR GA7700"},"content":{"rendered":"","protected":false},"excerpt":{"rendered":"<p>Garrafa em vidro borossilicato com capacidade de 400ml. Al\u00e7a de transporte em silicone. Tampa de pl\u00e1stico rosque\u00e1vel com anel de silicone.<\/p>\n<p>Quantidade m\u00ednima de 50 unidades.<\/p>\n","protected":false},"featured_media":10983,"template":"","meta":[],"product_brand":[],"product_cat":[418],"product_tag":[],"class_list":{"0":"post-10982","1":"product","2":"type-product","3":"status-publish","4":"has-post-thumbnail","6":"product_cat-porcelana-e-vidros","8":"first","9":"instock","10":"shipping-taxable","11":"product-type-simple"},"_links":{"self":[{"href":"https:\/\/promoalge.com.br\/index.php?rest_route=\/wp\/v2\/product\/10982","targetHints":{"allow":["GET"]}}],"collection":[{"href":"https:\/\/promoalge.com.br\/index.php?rest_route=\/wp\/v2\/product"}],"about":[{"href":"https:\/\/promoalge.com.br\/index.php?rest_route=\/wp\/v2\/types\/product"}],"wp:featuredmedia":[{"embeddable":true,"href":"https:\/\/promoalge.com.br\/index.php?rest_route=\/wp\/v2\/media\/10983"}],"wp:attachment":[{"href":"https:\/\/promoalge.com.br\/index.php?rest_route=%2Fwp%2Fv2%2Fmedia&parent=10982"}],"wp:term":[{"taxonomy":"product_brand","embeddable":true,"href":"https:\/\/promoalge.com.br\/index.php?rest_route=%2Fwp%2Fv2%2Fproduct_brand&post=10982"},{"taxonomy":"product_cat","embeddable":true,"href":"https:\/\/promoalge.com.br\/index.php?rest_route=%2Fwp%2Fv2%2Fproduct_cat&post=10982"},{"taxonomy":"product_tag","embeddable":true,"href":"https:\/\/promoalge.com.br\/index.php?rest_route=%2Fwp%2Fv2%2Fproduct_tag&post=10982"}],"curies":[{"name":"wp","href":"https:\/\/api.w.org\/{rel}","templated":true}]}}