{"id":11021,"date":"2025-08-14T17:22:45","date_gmt":"2025-08-14T20:22:45","guid":{"rendered":"https:\/\/promoalge.com.br\/?post_type=product&#038;p=11021"},"modified":"2025-08-14T17:22:45","modified_gmt":"2025-08-14T20:22:45","slug":"chaveiro-pr-ch0508","status":"publish","type":"product","link":"https:\/\/promoalge.com.br\/?product=chaveiro-pr-ch0508","title":{"rendered":"Chaveiro &#8211; PR CH0508"},"content":{"rendered":"","protected":false},"excerpt":{"rendered":"<p>Chaveiro de metal retangular com detalhes em nylon + caixa com ber\u00e7o aveludado.Obs.: Frente e vers\u00e3o s\u00e3o iguais.<\/p>\n<p>Quantidade m\u00ednima de 50 unidades.<\/p>\n","protected":false},"featured_media":11022,"template":"","meta":[],"product_brand":[],"product_cat":[406],"product_tag":[],"class_list":{"0":"post-11021","1":"product","2":"type-product","3":"status-publish","4":"has-post-thumbnail","6":"product_cat-chaveiros","8":"first","9":"instock","10":"shipping-taxable","11":"product-type-simple"},"_links":{"self":[{"href":"https:\/\/promoalge.com.br\/index.php?rest_route=\/wp\/v2\/product\/11021","targetHints":{"allow":["GET"]}}],"collection":[{"href":"https:\/\/promoalge.com.br\/index.php?rest_route=\/wp\/v2\/product"}],"about":[{"href":"https:\/\/promoalge.com.br\/index.php?rest_route=\/wp\/v2\/types\/product"}],"wp:featuredmedia":[{"embeddable":true,"href":"https:\/\/promoalge.com.br\/index.php?rest_route=\/wp\/v2\/media\/11022"}],"wp:attachment":[{"href":"https:\/\/promoalge.com.br\/index.php?rest_route=%2Fwp%2Fv2%2Fmedia&parent=11021"}],"wp:term":[{"taxonomy":"product_brand","embeddable":true,"href":"https:\/\/promoalge.com.br\/index.php?rest_route=%2Fwp%2Fv2%2Fproduct_brand&post=11021"},{"taxonomy":"product_cat","embeddable":true,"href":"https:\/\/promoalge.com.br\/index.php?rest_route=%2Fwp%2Fv2%2Fproduct_cat&post=11021"},{"taxonomy":"product_tag","embeddable":true,"href":"https:\/\/promoalge.com.br\/index.php?rest_route=%2Fwp%2Fv2%2Fproduct_tag&post=11021"}],"curies":[{"name":"wp","href":"https:\/\/api.w.org\/{rel}","templated":true}]}}