{"id":11034,"date":"2025-08-19T13:47:50","date_gmt":"2025-08-19T16:47:50","guid":{"rendered":"https:\/\/promoalge.com.br\/?post_type=product&#038;p=11034"},"modified":"2025-08-19T13:47:50","modified_gmt":"2025-08-19T16:47:50","slug":"lancheira-pr-lc210","status":"publish","type":"product","link":"https:\/\/promoalge.com.br\/?product=lancheira-pr-lc210","title":{"rendered":"Lancheira &#8211; PR LC210"},"content":{"rendered":"","protected":false},"excerpt":{"rendered":"<p>Lancheira pl\u00e1stica em RPET com tampa de bambu, possui al\u00e7a el\u00e1stica para fechamento. Capacidade de at\u00e9 700ml. O recipiente pode ser utilizado no micro-ondas e na lava-lou\u00e7as, exceto a tampa.<\/p>\n<p>* A temperatura interna do micro-ondas n\u00e3o pode ser superior a 120 graus.<\/p>\n<p>Quantidade m\u00ednima de 50 unidades.<\/p>\n","protected":false},"featured_media":11035,"template":"","meta":[],"product_brand":[],"product_cat":[353],"product_tag":[],"class_list":{"0":"post-11034","1":"product","2":"type-product","3":"status-publish","4":"has-post-thumbnail","6":"product_cat-diversos","8":"first","9":"instock","10":"shipping-taxable","11":"product-type-simple"},"_links":{"self":[{"href":"https:\/\/promoalge.com.br\/index.php?rest_route=\/wp\/v2\/product\/11034","targetHints":{"allow":["GET"]}}],"collection":[{"href":"https:\/\/promoalge.com.br\/index.php?rest_route=\/wp\/v2\/product"}],"about":[{"href":"https:\/\/promoalge.com.br\/index.php?rest_route=\/wp\/v2\/types\/product"}],"wp:featuredmedia":[{"embeddable":true,"href":"https:\/\/promoalge.com.br\/index.php?rest_route=\/wp\/v2\/media\/11035"}],"wp:attachment":[{"href":"https:\/\/promoalge.com.br\/index.php?rest_route=%2Fwp%2Fv2%2Fmedia&parent=11034"}],"wp:term":[{"taxonomy":"product_brand","embeddable":true,"href":"https:\/\/promoalge.com.br\/index.php?rest_route=%2Fwp%2Fv2%2Fproduct_brand&post=11034"},{"taxonomy":"product_cat","embeddable":true,"href":"https:\/\/promoalge.com.br\/index.php?rest_route=%2Fwp%2Fv2%2Fproduct_cat&post=11034"},{"taxonomy":"product_tag","embeddable":true,"href":"https:\/\/promoalge.com.br\/index.php?rest_route=%2Fwp%2Fv2%2Fproduct_tag&post=11034"}],"curies":[{"name":"wp","href":"https:\/\/api.w.org\/{rel}","templated":true}]}}