{"id":11037,"date":"2025-08-19T13:50:16","date_gmt":"2025-08-19T16:50:16","guid":{"rendered":"https:\/\/promoalge.com.br\/?post_type=product&#038;p=11037"},"modified":"2025-08-19T13:50:16","modified_gmt":"2025-08-19T16:50:16","slug":"guarda-chuva-pr-gc1050","status":"publish","type":"product","link":"https:\/\/promoalge.com.br\/?product=guarda-chuva-pr-gc1050","title":{"rendered":"Guarda-Chuva &#8211; PR GC1050"},"content":{"rendered":"","protected":false},"excerpt":{"rendered":"<p>Guarda-chuva invertido com cabo pl\u00e1stico e haste de metal, bot\u00e3o acionador para abertura autom\u00e1tica, tecido ponge chin\u00eas, seda crua Poli\u00e9ster 190T Pongee, oito varetas.<\/p>\n<p>Quantidade m\u00ednima de 50 unidades.<\/p>\n","protected":false},"featured_media":11038,"template":"","meta":[],"product_brand":[],"product_cat":[353],"product_tag":[],"class_list":{"0":"post-11037","1":"product","2":"type-product","3":"status-publish","4":"has-post-thumbnail","6":"product_cat-diversos","8":"first","9":"instock","10":"shipping-taxable","11":"product-type-simple"},"_links":{"self":[{"href":"https:\/\/promoalge.com.br\/index.php?rest_route=\/wp\/v2\/product\/11037","targetHints":{"allow":["GET"]}}],"collection":[{"href":"https:\/\/promoalge.com.br\/index.php?rest_route=\/wp\/v2\/product"}],"about":[{"href":"https:\/\/promoalge.com.br\/index.php?rest_route=\/wp\/v2\/types\/product"}],"wp:featuredmedia":[{"embeddable":true,"href":"https:\/\/promoalge.com.br\/index.php?rest_route=\/wp\/v2\/media\/11038"}],"wp:attachment":[{"href":"https:\/\/promoalge.com.br\/index.php?rest_route=%2Fwp%2Fv2%2Fmedia&parent=11037"}],"wp:term":[{"taxonomy":"product_brand","embeddable":true,"href":"https:\/\/promoalge.com.br\/index.php?rest_route=%2Fwp%2Fv2%2Fproduct_brand&post=11037"},{"taxonomy":"product_cat","embeddable":true,"href":"https:\/\/promoalge.com.br\/index.php?rest_route=%2Fwp%2Fv2%2Fproduct_cat&post=11037"},{"taxonomy":"product_tag","embeddable":true,"href":"https:\/\/promoalge.com.br\/index.php?rest_route=%2Fwp%2Fv2%2Fproduct_tag&post=11037"}],"curies":[{"name":"wp","href":"https:\/\/api.w.org\/{rel}","templated":true}]}}