{"id":11039,"date":"2025-08-19T13:55:16","date_gmt":"2025-08-19T16:55:16","guid":{"rendered":"https:\/\/promoalge.com.br\/?post_type=product&#038;p=11039"},"modified":"2025-08-19T13:55:16","modified_gmt":"2025-08-19T16:55:16","slug":"kit-churrasco-pr-kc0124","status":"publish","type":"product","link":"https:\/\/promoalge.com.br\/?product=kit-churrasco-pr-kc0124","title":{"rendered":"Kit Churrasco &#8211; PR KC0124"},"content":{"rendered":"","protected":false},"excerpt":{"rendered":"<p>Kit Churrasco contendo 3 pe\u00e7as: Estojo de Nylon com al\u00e7a para pendurar, uma Faca com 31,7 cm e um Garfo trinchante, ambos com cabos de madeira e a\u00e7o inox.<\/p>\n<p>Obs: Os componentes de madeira poder\u00e3o apresentar tonalidades diferente.<\/p>\n<p>Quantidade m\u00ednima de 50 unidades.<\/p>\n","protected":false},"featured_media":11040,"template":"","meta":[],"product_brand":[],"product_cat":[412],"product_tag":[],"class_list":{"0":"post-11039","1":"product","2":"type-product","3":"status-publish","4":"has-post-thumbnail","6":"product_cat-kits-churrasco","8":"first","9":"instock","10":"shipping-taxable","11":"product-type-simple"},"_links":{"self":[{"href":"https:\/\/promoalge.com.br\/index.php?rest_route=\/wp\/v2\/product\/11039","targetHints":{"allow":["GET"]}}],"collection":[{"href":"https:\/\/promoalge.com.br\/index.php?rest_route=\/wp\/v2\/product"}],"about":[{"href":"https:\/\/promoalge.com.br\/index.php?rest_route=\/wp\/v2\/types\/product"}],"wp:featuredmedia":[{"embeddable":true,"href":"https:\/\/promoalge.com.br\/index.php?rest_route=\/wp\/v2\/media\/11040"}],"wp:attachment":[{"href":"https:\/\/promoalge.com.br\/index.php?rest_route=%2Fwp%2Fv2%2Fmedia&parent=11039"}],"wp:term":[{"taxonomy":"product_brand","embeddable":true,"href":"https:\/\/promoalge.com.br\/index.php?rest_route=%2Fwp%2Fv2%2Fproduct_brand&post=11039"},{"taxonomy":"product_cat","embeddable":true,"href":"https:\/\/promoalge.com.br\/index.php?rest_route=%2Fwp%2Fv2%2Fproduct_cat&post=11039"},{"taxonomy":"product_tag","embeddable":true,"href":"https:\/\/promoalge.com.br\/index.php?rest_route=%2Fwp%2Fv2%2Fproduct_tag&post=11039"}],"curies":[{"name":"wp","href":"https:\/\/api.w.org\/{rel}","templated":true}]}}