{"id":11044,"date":"2025-08-19T14:00:43","date_gmt":"2025-08-19T17:00:43","guid":{"rendered":"https:\/\/promoalge.com.br\/?post_type=product&#038;p=11044"},"modified":"2025-08-19T14:00:43","modified_gmt":"2025-08-19T17:00:43","slug":"kit-churrasco-pr-kc0201","status":"publish","type":"product","link":"https:\/\/promoalge.com.br\/?product=kit-churrasco-pr-kc0201","title":{"rendered":"Kit Churrasco &#8211; PR KC0201"},"content":{"rendered":"","protected":false},"excerpt":{"rendered":"<p>Kit churrasco com 4 pe\u00e7as: Garfo grande, Faca com 31,7 cm e uma Chaira, todos com cabos de madeira, ambos com cabos de madeira e l\u00e2minas em a\u00e7o inox, e uma T\u00e1bua de bambu com 1,2 de espessura.<\/p>\n<p>Obs: Os componentes do cabo de madeira e a t\u00e1bua de bambu poder\u00e3o apresentar tonalidades diferente.<\/p>\n<p>Quantidade m\u00ednima de 50 unidades.<\/p>\n","protected":false},"featured_media":11045,"template":"","meta":[],"product_brand":[],"product_cat":[412],"product_tag":[],"class_list":{"0":"post-11044","1":"product","2":"type-product","3":"status-publish","4":"has-post-thumbnail","6":"product_cat-kits-churrasco","8":"first","9":"instock","10":"shipping-taxable","11":"product-type-simple"},"_links":{"self":[{"href":"https:\/\/promoalge.com.br\/index.php?rest_route=\/wp\/v2\/product\/11044","targetHints":{"allow":["GET"]}}],"collection":[{"href":"https:\/\/promoalge.com.br\/index.php?rest_route=\/wp\/v2\/product"}],"about":[{"href":"https:\/\/promoalge.com.br\/index.php?rest_route=\/wp\/v2\/types\/product"}],"wp:featuredmedia":[{"embeddable":true,"href":"https:\/\/promoalge.com.br\/index.php?rest_route=\/wp\/v2\/media\/11045"}],"wp:attachment":[{"href":"https:\/\/promoalge.com.br\/index.php?rest_route=%2Fwp%2Fv2%2Fmedia&parent=11044"}],"wp:term":[{"taxonomy":"product_brand","embeddable":true,"href":"https:\/\/promoalge.com.br\/index.php?rest_route=%2Fwp%2Fv2%2Fproduct_brand&post=11044"},{"taxonomy":"product_cat","embeddable":true,"href":"https:\/\/promoalge.com.br\/index.php?rest_route=%2Fwp%2Fv2%2Fproduct_cat&post=11044"},{"taxonomy":"product_tag","embeddable":true,"href":"https:\/\/promoalge.com.br\/index.php?rest_route=%2Fwp%2Fv2%2Fproduct_tag&post=11044"}],"curies":[{"name":"wp","href":"https:\/\/api.w.org\/{rel}","templated":true}]}}