{"id":11058,"date":"2025-08-19T15:39:23","date_gmt":"2025-08-19T18:39:23","guid":{"rendered":"https:\/\/promoalge.com.br\/?post_type=product&#038;p=11058"},"modified":"2025-08-19T15:39:24","modified_gmt":"2025-08-19T18:39:24","slug":"lanterna-e-kit-ferramenta-pr-lf0200","status":"publish","type":"product","link":"https:\/\/promoalge.com.br\/?product=lanterna-e-kit-ferramenta-pr-lf0200","title":{"rendered":"Lanterna e Kit Ferramenta &#8211; PR LF0200"},"content":{"rendered":"","protected":false},"excerpt":{"rendered":"<p>Lanterna led com Kit Ferramentas produzida em ABS (acrilonitrila butadieno estireno), contendo:<br \/>\n1 Trena de 1 metro;<br \/>\n1 Estilete;<br \/>\n3 Pontas de chave de fenda;<br \/>\n2 Pontas de chave philips;<br \/>\n1 Cabo emborrachado para encaixar ponta de chave de fenda e philips;<br \/>\n1 Mini chave de fenda;<br \/>\n1 Mini chave philips;<br \/>\n2 Chaves hexagonal em L;<br \/>\n2 Soquetes de chave hexagonal;<br \/>\n1 Extensor para soquete de chave hexagonal;<br \/>\nOb.: Acompanham 3 pilhas AA em pacote pl\u00e1stico.<\/p>\n<p>*Pot\u00eancia da lanterna \u00e9 de 3 watts e tens\u00e3o de 4,5 volts<\/p>\n<p>Quantidade m\u00ednima de 50 unidades.<\/p>\n","protected":false},"featured_media":11059,"template":"","meta":[],"product_brand":[],"product_cat":[353],"product_tag":[],"class_list":{"0":"post-11058","1":"product","2":"type-product","3":"status-publish","4":"has-post-thumbnail","6":"product_cat-diversos","8":"first","9":"instock","10":"shipping-taxable","11":"product-type-simple"},"_links":{"self":[{"href":"https:\/\/promoalge.com.br\/index.php?rest_route=\/wp\/v2\/product\/11058","targetHints":{"allow":["GET"]}}],"collection":[{"href":"https:\/\/promoalge.com.br\/index.php?rest_route=\/wp\/v2\/product"}],"about":[{"href":"https:\/\/promoalge.com.br\/index.php?rest_route=\/wp\/v2\/types\/product"}],"wp:featuredmedia":[{"embeddable":true,"href":"https:\/\/promoalge.com.br\/index.php?rest_route=\/wp\/v2\/media\/11059"}],"wp:attachment":[{"href":"https:\/\/promoalge.com.br\/index.php?rest_route=%2Fwp%2Fv2%2Fmedia&parent=11058"}],"wp:term":[{"taxonomy":"product_brand","embeddable":true,"href":"https:\/\/promoalge.com.br\/index.php?rest_route=%2Fwp%2Fv2%2Fproduct_brand&post=11058"},{"taxonomy":"product_cat","embeddable":true,"href":"https:\/\/promoalge.com.br\/index.php?rest_route=%2Fwp%2Fv2%2Fproduct_cat&post=11058"},{"taxonomy":"product_tag","embeddable":true,"href":"https:\/\/promoalge.com.br\/index.php?rest_route=%2Fwp%2Fv2%2Fproduct_tag&post=11058"}],"curies":[{"name":"wp","href":"https:\/\/api.w.org\/{rel}","templated":true}]}}