{"id":11060,"date":"2025-08-19T15:49:41","date_gmt":"2025-08-19T18:49:41","guid":{"rendered":"https:\/\/promoalge.com.br\/?post_type=product&#038;p=11060"},"modified":"2025-08-19T15:49:41","modified_gmt":"2025-08-19T18:49:41","slug":"umidificador-pr-umi1000","status":"publish","type":"product","link":"https:\/\/promoalge.com.br\/?product=umidificador-pr-umi1000","title":{"rendered":"Umidificador &#8211; PR UMI1000"},"content":{"rendered":"","protected":false},"excerpt":{"rendered":"<p>Umidificador de ar com difusor de \u00f3leo essencial \u00e0 base de \u00e1gua via USB. Com capacidade 180ml, LED L\u00e2mpada noturna para uso em carro, escrit\u00f3rio ou em casa.<\/p>\n<p>Acompanha cabo USB.<\/p>\n<p>Quantidade m\u00ednima de 50 unidades.<\/p>\n","protected":false},"featured_media":11061,"template":"","meta":[],"product_brand":[],"product_cat":[353],"product_tag":[],"class_list":{"0":"post-11060","1":"product","2":"type-product","3":"status-publish","4":"has-post-thumbnail","6":"product_cat-diversos","8":"first","9":"instock","10":"shipping-taxable","11":"product-type-simple"},"_links":{"self":[{"href":"https:\/\/promoalge.com.br\/index.php?rest_route=\/wp\/v2\/product\/11060","targetHints":{"allow":["GET"]}}],"collection":[{"href":"https:\/\/promoalge.com.br\/index.php?rest_route=\/wp\/v2\/product"}],"about":[{"href":"https:\/\/promoalge.com.br\/index.php?rest_route=\/wp\/v2\/types\/product"}],"wp:featuredmedia":[{"embeddable":true,"href":"https:\/\/promoalge.com.br\/index.php?rest_route=\/wp\/v2\/media\/11061"}],"wp:attachment":[{"href":"https:\/\/promoalge.com.br\/index.php?rest_route=%2Fwp%2Fv2%2Fmedia&parent=11060"}],"wp:term":[{"taxonomy":"product_brand","embeddable":true,"href":"https:\/\/promoalge.com.br\/index.php?rest_route=%2Fwp%2Fv2%2Fproduct_brand&post=11060"},{"taxonomy":"product_cat","embeddable":true,"href":"https:\/\/promoalge.com.br\/index.php?rest_route=%2Fwp%2Fv2%2Fproduct_cat&post=11060"},{"taxonomy":"product_tag","embeddable":true,"href":"https:\/\/promoalge.com.br\/index.php?rest_route=%2Fwp%2Fv2%2Fproduct_tag&post=11060"}],"curies":[{"name":"wp","href":"https:\/\/api.w.org\/{rel}","templated":true}]}}