{"id":11123,"date":"2025-08-26T17:18:53","date_gmt":"2025-08-26T20:18:53","guid":{"rendered":"https:\/\/promoalge.com.br\/?post_type=product&#038;p=11123"},"modified":"2025-08-26T17:18:53","modified_gmt":"2025-08-26T20:18:53","slug":"porta-tenis-em-poliester-300d-pr-pt1050-2","status":"publish","type":"product","link":"https:\/\/promoalge.com.br\/?product=porta-tenis-em-poliester-300d-pr-pt1050-2","title":{"rendered":"Porta T\u00eanis em Poli\u00e9ster 300D &#8211; PR PT1050"},"content":{"rendered":"","protected":false},"excerpt":{"rendered":"<p>Porta T\u00eanis em tecido poli\u00e9ster 300D com bolso frontal e al\u00e7a de m\u00e3o.<\/p>\n<p>Quantidade m\u00ednima de 50 unidades.<\/p>\n","protected":false},"featured_media":11124,"template":"","meta":[],"product_brand":[],"product_cat":[410],"product_tag":[],"class_list":{"0":"post-11123","1":"product","2":"type-product","3":"status-publish","4":"has-post-thumbnail","6":"product_cat-eventos-pastas-pvc","8":"first","9":"instock","10":"shipping-taxable","11":"product-type-simple"},"_links":{"self":[{"href":"https:\/\/promoalge.com.br\/index.php?rest_route=\/wp\/v2\/product\/11123","targetHints":{"allow":["GET"]}}],"collection":[{"href":"https:\/\/promoalge.com.br\/index.php?rest_route=\/wp\/v2\/product"}],"about":[{"href":"https:\/\/promoalge.com.br\/index.php?rest_route=\/wp\/v2\/types\/product"}],"wp:featuredmedia":[{"embeddable":true,"href":"https:\/\/promoalge.com.br\/index.php?rest_route=\/wp\/v2\/media\/11124"}],"wp:attachment":[{"href":"https:\/\/promoalge.com.br\/index.php?rest_route=%2Fwp%2Fv2%2Fmedia&parent=11123"}],"wp:term":[{"taxonomy":"product_brand","embeddable":true,"href":"https:\/\/promoalge.com.br\/index.php?rest_route=%2Fwp%2Fv2%2Fproduct_brand&post=11123"},{"taxonomy":"product_cat","embeddable":true,"href":"https:\/\/promoalge.com.br\/index.php?rest_route=%2Fwp%2Fv2%2Fproduct_cat&post=11123"},{"taxonomy":"product_tag","embeddable":true,"href":"https:\/\/promoalge.com.br\/index.php?rest_route=%2Fwp%2Fv2%2Fproduct_tag&post=11123"}],"curies":[{"name":"wp","href":"https:\/\/api.w.org\/{rel}","templated":true}]}}