{"id":11205,"date":"2025-10-12T17:10:10","date_gmt":"2025-10-12T20:10:10","guid":{"rendered":"https:\/\/promoalge.com.br\/?post_type=product&#038;p=11205"},"modified":"2025-10-12T17:10:11","modified_gmt":"2025-10-12T20:10:11","slug":"porta-latas-poliester-pr-15343","status":"publish","type":"product","link":"https:\/\/promoalge.com.br\/?product=porta-latas-poliester-pr-15343","title":{"rendered":"Porta-Latas Poli\u00e9ster &#8211; PR 15343"},"content":{"rendered":"","protected":false},"excerpt":{"rendered":"<p>Descri\u00e7\u00e3o: Bolsa t\u00e9rmica porta-latas confeccionada em poli\u00e9ster resistente \u00e0 \u00e1gua com capacidade para at\u00e9 quatro latas de 350ml. Possui revestimento t\u00e9rmico interno em PVC prateado com acabamento em verniz, que mant\u00e9m a temperatura das latas por mais tempo. Conta ainda com al\u00e7a transversal ajust\u00e1vel.<\/p>\n<p>Largura :  7,5 cm<\/p>\n<p>Profundidade :  7 cm<\/p>\n<p>Comprimento :  49 cm<\/p>\n<p>Quantidade m\u00ednima de 50 unidades.<\/p>\n","protected":false},"featured_media":11206,"template":"","meta":[],"product_brand":[],"product_cat":[79],"product_tag":[],"class_list":{"0":"post-11205","1":"product","2":"type-product","3":"status-publish","4":"has-post-thumbnail","6":"product_cat-bolsas-mochilas","8":"first","9":"instock","10":"shipping-taxable","11":"product-type-simple"},"_links":{"self":[{"href":"https:\/\/promoalge.com.br\/index.php?rest_route=\/wp\/v2\/product\/11205","targetHints":{"allow":["GET"]}}],"collection":[{"href":"https:\/\/promoalge.com.br\/index.php?rest_route=\/wp\/v2\/product"}],"about":[{"href":"https:\/\/promoalge.com.br\/index.php?rest_route=\/wp\/v2\/types\/product"}],"wp:featuredmedia":[{"embeddable":true,"href":"https:\/\/promoalge.com.br\/index.php?rest_route=\/wp\/v2\/media\/11206"}],"wp:attachment":[{"href":"https:\/\/promoalge.com.br\/index.php?rest_route=%2Fwp%2Fv2%2Fmedia&parent=11205"}],"wp:term":[{"taxonomy":"product_brand","embeddable":true,"href":"https:\/\/promoalge.com.br\/index.php?rest_route=%2Fwp%2Fv2%2Fproduct_brand&post=11205"},{"taxonomy":"product_cat","embeddable":true,"href":"https:\/\/promoalge.com.br\/index.php?rest_route=%2Fwp%2Fv2%2Fproduct_cat&post=11205"},{"taxonomy":"product_tag","embeddable":true,"href":"https:\/\/promoalge.com.br\/index.php?rest_route=%2Fwp%2Fv2%2Fproduct_tag&post=11205"}],"curies":[{"name":"wp","href":"https:\/\/api.w.org\/{rel}","templated":true}]}}