{"id":11266,"date":"2025-10-21T14:24:14","date_gmt":"2025-10-21T17:24:14","guid":{"rendered":"https:\/\/promoalge.com.br\/?post_type=product&#038;p=11266"},"modified":"2025-10-21T14:24:14","modified_gmt":"2025-10-21T17:24:14","slug":"porta-garrafas-termico-pr-18864","status":"publish","type":"product","link":"https:\/\/promoalge.com.br\/?product=porta-garrafas-termico-pr-18864","title":{"rendered":"Porta-Garrafas T\u00e9rmico &#8211; PR 18864"},"content":{"rendered":"","protected":false},"excerpt":{"rendered":"<p>Descri\u00e7\u00e3o: Bebida gelada ou quente a qualquer hora, onde estiver. Nosso Porta Garrafa T\u00e9rmico \u00e9 ideal para quem ama vinhos e bebidas frescas. Feito em nylon com revestimento t\u00e9rmico em PEVA at\u00f3xico, conta com fechamento em velcro para abrir e fechar com praticidade, al\u00e9m de detalhes em couro sint\u00e9tico na al\u00e7a e no espa\u00e7o de personaliza\u00e7\u00e3o. Perfeito para acompanhar em todos os momentos, tornando cada brinde ainda mais especial.<\/p>\n<p>Altura :  35,5 cm<\/p>\n<p>Circunfer\u00eancia :  35,8 cm<\/p>\n<p>Quantidade minima de 50 unidades.<\/p>\n","protected":false},"featured_media":11267,"template":"","meta":[],"product_brand":[],"product_cat":[79],"product_tag":[],"class_list":{"0":"post-11266","1":"product","2":"type-product","3":"status-publish","4":"has-post-thumbnail","6":"product_cat-bolsas-mochilas","8":"first","9":"instock","10":"shipping-taxable","11":"product-type-simple"},"_links":{"self":[{"href":"https:\/\/promoalge.com.br\/index.php?rest_route=\/wp\/v2\/product\/11266","targetHints":{"allow":["GET"]}}],"collection":[{"href":"https:\/\/promoalge.com.br\/index.php?rest_route=\/wp\/v2\/product"}],"about":[{"href":"https:\/\/promoalge.com.br\/index.php?rest_route=\/wp\/v2\/types\/product"}],"wp:featuredmedia":[{"embeddable":true,"href":"https:\/\/promoalge.com.br\/index.php?rest_route=\/wp\/v2\/media\/11267"}],"wp:attachment":[{"href":"https:\/\/promoalge.com.br\/index.php?rest_route=%2Fwp%2Fv2%2Fmedia&parent=11266"}],"wp:term":[{"taxonomy":"product_brand","embeddable":true,"href":"https:\/\/promoalge.com.br\/index.php?rest_route=%2Fwp%2Fv2%2Fproduct_brand&post=11266"},{"taxonomy":"product_cat","embeddable":true,"href":"https:\/\/promoalge.com.br\/index.php?rest_route=%2Fwp%2Fv2%2Fproduct_cat&post=11266"},{"taxonomy":"product_tag","embeddable":true,"href":"https:\/\/promoalge.com.br\/index.php?rest_route=%2Fwp%2Fv2%2Fproduct_tag&post=11266"}],"curies":[{"name":"wp","href":"https:\/\/api.w.org\/{rel}","templated":true}]}}