{"id":11284,"date":"2025-10-21T16:25:01","date_gmt":"2025-10-21T19:25:01","guid":{"rendered":"https:\/\/promoalge.com.br\/?post_type=product&#038;p=11284"},"modified":"2025-10-23T17:24:14","modified_gmt":"2025-10-23T20:24:14","slug":"bolsa-termica-7-litros-pr-07082","status":"publish","type":"product","link":"https:\/\/promoalge.com.br\/?product=bolsa-termica-7-litros-pr-07082","title":{"rendered":"Bolsa T\u00e9rmica 7 Litros &#8211; PR 07082"},"content":{"rendered":"","protected":false},"excerpt":{"rendered":"<p>Descri\u00e7\u00e3o: Bolsa t\u00e9rmica de nylon 7 litros com revestimento t\u00e9rmico em PEVA at\u00f3xico. Possui al\u00e7a transversal com regulagem de tamanho.<\/p>\n<p>Altura :  18,5 cm<\/p>\n<p>Largura :  24,5 cm<\/p>\n<p>Profundidade :  17 cm<\/p>\n<p>Quantidade minima de 50 unidades.<\/p>\n","protected":false},"featured_media":11285,"template":"","meta":[],"product_brand":[],"product_cat":[79,414],"product_tag":[],"class_list":{"0":"post-11284","1":"product","2":"type-product","3":"status-publish","4":"has-post-thumbnail","6":"product_cat-bolsas-mochilas","7":"product_cat-praia-verao","9":"first","10":"instock","11":"shipping-taxable","12":"product-type-simple"},"_links":{"self":[{"href":"https:\/\/promoalge.com.br\/index.php?rest_route=\/wp\/v2\/product\/11284","targetHints":{"allow":["GET"]}}],"collection":[{"href":"https:\/\/promoalge.com.br\/index.php?rest_route=\/wp\/v2\/product"}],"about":[{"href":"https:\/\/promoalge.com.br\/index.php?rest_route=\/wp\/v2\/types\/product"}],"wp:featuredmedia":[{"embeddable":true,"href":"https:\/\/promoalge.com.br\/index.php?rest_route=\/wp\/v2\/media\/11285"}],"wp:attachment":[{"href":"https:\/\/promoalge.com.br\/index.php?rest_route=%2Fwp%2Fv2%2Fmedia&parent=11284"}],"wp:term":[{"taxonomy":"product_brand","embeddable":true,"href":"https:\/\/promoalge.com.br\/index.php?rest_route=%2Fwp%2Fv2%2Fproduct_brand&post=11284"},{"taxonomy":"product_cat","embeddable":true,"href":"https:\/\/promoalge.com.br\/index.php?rest_route=%2Fwp%2Fv2%2Fproduct_cat&post=11284"},{"taxonomy":"product_tag","embeddable":true,"href":"https:\/\/promoalge.com.br\/index.php?rest_route=%2Fwp%2Fv2%2Fproduct_tag&post=11284"}],"curies":[{"name":"wp","href":"https:\/\/api.w.org\/{rel}","templated":true}]}}