{"id":11360,"date":"2025-10-28T13:27:38","date_gmt":"2025-10-28T16:27:38","guid":{"rendered":"https:\/\/promoalge.com.br\/?post_type=product&#038;p=11360"},"modified":"2025-10-28T13:27:38","modified_gmt":"2025-10-28T16:27:38","slug":"caderno-kraft-pr-09065","status":"publish","type":"product","link":"https:\/\/promoalge.com.br\/?product=caderno-kraft-pr-09065","title":{"rendered":"Caderno Kraft &#8211; PR 09065"},"content":{"rendered":"","protected":false},"excerpt":{"rendered":"<p>Descri\u00e7\u00e3o: Caderno com capa em kraft com encaderna\u00e7\u00e3o em espiral de pl\u00e1stico. Possui cerca de 80 folhas com pautas.<\/p>\n<p>Largura :  14,5 cm<\/p>\n<p>Espessura :  1,2 cm<\/p>\n<p>Comprimento :  20,5 cm<\/p>\n<p>Quantidade minima de 50 unidades.<\/p>\n","protected":false},"featured_media":11362,"template":"","meta":[],"product_brand":[],"product_cat":[409],"product_tag":[],"class_list":{"0":"post-11360","1":"product","2":"type-product","3":"status-publish","4":"has-post-thumbnail","6":"product_cat-escritorio","8":"first","9":"instock","10":"shipping-taxable","11":"product-type-simple"},"_links":{"self":[{"href":"https:\/\/promoalge.com.br\/index.php?rest_route=\/wp\/v2\/product\/11360","targetHints":{"allow":["GET"]}}],"collection":[{"href":"https:\/\/promoalge.com.br\/index.php?rest_route=\/wp\/v2\/product"}],"about":[{"href":"https:\/\/promoalge.com.br\/index.php?rest_route=\/wp\/v2\/types\/product"}],"wp:featuredmedia":[{"embeddable":true,"href":"https:\/\/promoalge.com.br\/index.php?rest_route=\/wp\/v2\/media\/11362"}],"wp:attachment":[{"href":"https:\/\/promoalge.com.br\/index.php?rest_route=%2Fwp%2Fv2%2Fmedia&parent=11360"}],"wp:term":[{"taxonomy":"product_brand","embeddable":true,"href":"https:\/\/promoalge.com.br\/index.php?rest_route=%2Fwp%2Fv2%2Fproduct_brand&post=11360"},{"taxonomy":"product_cat","embeddable":true,"href":"https:\/\/promoalge.com.br\/index.php?rest_route=%2Fwp%2Fv2%2Fproduct_cat&post=11360"},{"taxonomy":"product_tag","embeddable":true,"href":"https:\/\/promoalge.com.br\/index.php?rest_route=%2Fwp%2Fv2%2Fproduct_tag&post=11360"}],"curies":[{"name":"wp","href":"https:\/\/api.w.org\/{rel}","templated":true}]}}