{"id":11366,"date":"2025-10-28T13:30:10","date_gmt":"2025-10-28T16:30:10","guid":{"rendered":"https:\/\/promoalge.com.br\/?post_type=product&#038;p=11366"},"modified":"2026-04-07T16:55:25","modified_gmt":"2026-04-07T19:55:25","slug":"copo-termico-350ml-pr-09073","status":"publish","type":"product","link":"https:\/\/promoalge.com.br\/?product=copo-termico-350ml-pr-09073","title":{"rendered":"Copo T\u00e9rmico 350ml &#8211; PR 09073"},"content":{"rendered":"","protected":false},"excerpt":{"rendered":"<p>Descri\u00e7\u00e3o: Copo t\u00e9rmico em inox 304 com pintura eletrost\u00e1tica, base antiderrapante e capacidade m\u00e1xima de 350ml. Possui estrutura de parede dupla e veda\u00e7\u00e3o a v\u00e1cuo, permitindo a conserva\u00e7\u00e3o da temperatura de l\u00edquidos por mais tempo. Conta ainda com tampa rosque\u00e1vel em pl\u00e1stico com trava protetora no bocal e luva remov\u00edvel em silicone.<\/p>\n<p>Altura :  15,5 cm<\/p>\n<p>Largura :  8,9 cm<\/p>\n<p>Circunfer\u00eancia :  26,8 cm<\/p>\n<p>Quantidade minima de 50 unidades.<\/p>\n","protected":false},"featured_media":11367,"template":"","meta":[],"product_brand":[],"product_cat":[237],"product_tag":[],"class_list":{"0":"post-11366","1":"product","2":"type-product","3":"status-publish","4":"has-post-thumbnail","6":"product_cat-metalicas","8":"first","9":"instock","10":"shipping-taxable","11":"product-type-simple"},"_links":{"self":[{"href":"https:\/\/promoalge.com.br\/index.php?rest_route=\/wp\/v2\/product\/11366","targetHints":{"allow":["GET"]}}],"collection":[{"href":"https:\/\/promoalge.com.br\/index.php?rest_route=\/wp\/v2\/product"}],"about":[{"href":"https:\/\/promoalge.com.br\/index.php?rest_route=\/wp\/v2\/types\/product"}],"wp:featuredmedia":[{"embeddable":true,"href":"https:\/\/promoalge.com.br\/index.php?rest_route=\/wp\/v2\/media\/11367"}],"wp:attachment":[{"href":"https:\/\/promoalge.com.br\/index.php?rest_route=%2Fwp%2Fv2%2Fmedia&parent=11366"}],"wp:term":[{"taxonomy":"product_brand","embeddable":true,"href":"https:\/\/promoalge.com.br\/index.php?rest_route=%2Fwp%2Fv2%2Fproduct_brand&post=11366"},{"taxonomy":"product_cat","embeddable":true,"href":"https:\/\/promoalge.com.br\/index.php?rest_route=%2Fwp%2Fv2%2Fproduct_cat&post=11366"},{"taxonomy":"product_tag","embeddable":true,"href":"https:\/\/promoalge.com.br\/index.php?rest_route=%2Fwp%2Fv2%2Fproduct_tag&post=11366"}],"curies":[{"name":"wp","href":"https:\/\/api.w.org\/{rel}","templated":true}]}}