{"id":11368,"date":"2025-10-28T13:38:36","date_gmt":"2025-10-28T16:38:36","guid":{"rendered":"https:\/\/promoalge.com.br\/?post_type=product&#038;p=11368"},"modified":"2025-10-28T13:38:36","modified_gmt":"2025-10-28T16:38:36","slug":"kit-vinho-6-pecas-pr-09079","status":"publish","type":"product","link":"https:\/\/promoalge.com.br\/?product=kit-vinho-6-pecas-pr-09079","title":{"rendered":"Kit Vinho 6 pe\u00e7as &#8211; PR 09079"},"content":{"rendered":"","protected":false},"excerpt":{"rendered":"<p>Descri\u00e7\u00e3o: Kit vinho com seis pe\u00e7as, incluindo saca-rolhas recarreg\u00e1vel com acionamento por bot\u00f5es, bico dosador, duas rolhas pl\u00e1sticas, cortador de lacre e base organizadora. Acompanha cabo USB-C.<\/p>\n<p>Altura :  21 cm<\/p>\n<p>Largura :  4,5 cm<\/p>\n<p>Espessura :  14,2 cm<\/p>\n<p>Quantidade minima de 50 unidades.<\/p>\n","protected":false},"featured_media":11369,"template":"","meta":[],"product_brand":[],"product_cat":[49,353],"product_tag":[],"class_list":{"0":"post-11368","1":"product","2":"type-product","3":"status-publish","4":"has-post-thumbnail","6":"product_cat-bar-queijo-vinhos","7":"product_cat-diversos","9":"first","10":"instock","11":"shipping-taxable","12":"product-type-simple"},"_links":{"self":[{"href":"https:\/\/promoalge.com.br\/index.php?rest_route=\/wp\/v2\/product\/11368","targetHints":{"allow":["GET"]}}],"collection":[{"href":"https:\/\/promoalge.com.br\/index.php?rest_route=\/wp\/v2\/product"}],"about":[{"href":"https:\/\/promoalge.com.br\/index.php?rest_route=\/wp\/v2\/types\/product"}],"wp:featuredmedia":[{"embeddable":true,"href":"https:\/\/promoalge.com.br\/index.php?rest_route=\/wp\/v2\/media\/11369"}],"wp:attachment":[{"href":"https:\/\/promoalge.com.br\/index.php?rest_route=%2Fwp%2Fv2%2Fmedia&parent=11368"}],"wp:term":[{"taxonomy":"product_brand","embeddable":true,"href":"https:\/\/promoalge.com.br\/index.php?rest_route=%2Fwp%2Fv2%2Fproduct_brand&post=11368"},{"taxonomy":"product_cat","embeddable":true,"href":"https:\/\/promoalge.com.br\/index.php?rest_route=%2Fwp%2Fv2%2Fproduct_cat&post=11368"},{"taxonomy":"product_tag","embeddable":true,"href":"https:\/\/promoalge.com.br\/index.php?rest_route=%2Fwp%2Fv2%2Fproduct_tag&post=11368"}],"curies":[{"name":"wp","href":"https:\/\/api.w.org\/{rel}","templated":true}]}}