{"id":11370,"date":"2025-10-28T13:39:51","date_gmt":"2025-10-28T16:39:51","guid":{"rendered":"https:\/\/promoalge.com.br\/?post_type=product&#038;p=11370"},"modified":"2025-10-28T13:39:52","modified_gmt":"2025-10-28T16:39:52","slug":"kit-copo-vidro-50ml-6-pecas-pr-09081","status":"publish","type":"product","link":"https:\/\/promoalge.com.br\/?product=kit-copo-vidro-50ml-6-pecas-pr-09081","title":{"rendered":"Kit Copo Vidro 50ml 6 Pe\u00e7as &#8211; PR 09081"},"content":{"rendered":"","protected":false},"excerpt":{"rendered":"<p>Descri\u00e7\u00e3o: Kit com seis copos de vidro com capacidade m\u00e1xima de 50ml cada.<\/p>\n<p>Altura :  7,3 cm<\/p>\n<p>Largura :  4,4 cm<\/p>\n<p>Circunfer\u00eancia :  13 cm<\/p>\n<p>Quantidade minima de 50 unidades.<\/p>\n","protected":false},"featured_media":11371,"template":"","meta":[],"product_brand":[],"product_cat":[418],"product_tag":[],"class_list":{"0":"post-11370","1":"product","2":"type-product","3":"status-publish","4":"has-post-thumbnail","6":"product_cat-porcelana-e-vidros","8":"first","9":"instock","10":"shipping-taxable","11":"product-type-simple"},"_links":{"self":[{"href":"https:\/\/promoalge.com.br\/index.php?rest_route=\/wp\/v2\/product\/11370","targetHints":{"allow":["GET"]}}],"collection":[{"href":"https:\/\/promoalge.com.br\/index.php?rest_route=\/wp\/v2\/product"}],"about":[{"href":"https:\/\/promoalge.com.br\/index.php?rest_route=\/wp\/v2\/types\/product"}],"wp:featuredmedia":[{"embeddable":true,"href":"https:\/\/promoalge.com.br\/index.php?rest_route=\/wp\/v2\/media\/11371"}],"wp:attachment":[{"href":"https:\/\/promoalge.com.br\/index.php?rest_route=%2Fwp%2Fv2%2Fmedia&parent=11370"}],"wp:term":[{"taxonomy":"product_brand","embeddable":true,"href":"https:\/\/promoalge.com.br\/index.php?rest_route=%2Fwp%2Fv2%2Fproduct_brand&post=11370"},{"taxonomy":"product_cat","embeddable":true,"href":"https:\/\/promoalge.com.br\/index.php?rest_route=%2Fwp%2Fv2%2Fproduct_cat&post=11370"},{"taxonomy":"product_tag","embeddable":true,"href":"https:\/\/promoalge.com.br\/index.php?rest_route=%2Fwp%2Fv2%2Fproduct_tag&post=11370"}],"curies":[{"name":"wp","href":"https:\/\/api.w.org\/{rel}","templated":true}]}}