{"id":11374,"date":"2025-10-28T13:42:50","date_gmt":"2025-10-28T16:42:50","guid":{"rendered":"https:\/\/promoalge.com.br\/?post_type=product&#038;p=11374"},"modified":"2025-10-28T13:42:50","modified_gmt":"2025-10-28T16:42:50","slug":"garrafa-termica-850ml-pr-09105","status":"publish","type":"product","link":"https:\/\/promoalge.com.br\/?product=garrafa-termica-850ml-pr-09105","title":{"rendered":"Garrafa T\u00e9rmica 850ml &#8211; PR 09105"},"content":{"rendered":"","protected":false},"excerpt":{"rendered":"<p>Descri\u00e7\u00e3o: Garrafa t\u00e9rmica em inox com capacidade para at\u00e9 850ml. Conta com estrutura de parede dupla e veda\u00e7\u00e3o a v\u00e1cuo, ajudando a conservar a temperatura dos l\u00edquidos por mais tempo. Possui tampa rosque\u00e1vel em pl\u00e1stico com protetor para o bocal, bot\u00e3o de acionamento, trava de seguran\u00e7a e al\u00e7a de m\u00e3o para transporte. Acompanha canudo para encaixe interno na tampa.<\/p>\n<p>Altura :  27 cm<\/p>\n<p>Largura :  10 cm<\/p>\n<p>Circunfer\u00eancia :  28,8 cm<\/p>\n<p>Quantidade minima de 50 unidades.<\/p>\n","protected":false},"featured_media":11375,"template":"","meta":[],"product_brand":[],"product_cat":[237],"product_tag":[],"class_list":{"0":"post-11374","1":"product","2":"type-product","3":"status-publish","4":"has-post-thumbnail","6":"product_cat-metalicas","8":"first","9":"instock","10":"shipping-taxable","11":"product-type-simple"},"_links":{"self":[{"href":"https:\/\/promoalge.com.br\/index.php?rest_route=\/wp\/v2\/product\/11374","targetHints":{"allow":["GET"]}}],"collection":[{"href":"https:\/\/promoalge.com.br\/index.php?rest_route=\/wp\/v2\/product"}],"about":[{"href":"https:\/\/promoalge.com.br\/index.php?rest_route=\/wp\/v2\/types\/product"}],"wp:featuredmedia":[{"embeddable":true,"href":"https:\/\/promoalge.com.br\/index.php?rest_route=\/wp\/v2\/media\/11375"}],"wp:attachment":[{"href":"https:\/\/promoalge.com.br\/index.php?rest_route=%2Fwp%2Fv2%2Fmedia&parent=11374"}],"wp:term":[{"taxonomy":"product_brand","embeddable":true,"href":"https:\/\/promoalge.com.br\/index.php?rest_route=%2Fwp%2Fv2%2Fproduct_brand&post=11374"},{"taxonomy":"product_cat","embeddable":true,"href":"https:\/\/promoalge.com.br\/index.php?rest_route=%2Fwp%2Fv2%2Fproduct_cat&post=11374"},{"taxonomy":"product_tag","embeddable":true,"href":"https:\/\/promoalge.com.br\/index.php?rest_route=%2Fwp%2Fv2%2Fproduct_tag&post=11374"}],"curies":[{"name":"wp","href":"https:\/\/api.w.org\/{rel}","templated":true}]}}