{"id":11376,"date":"2025-10-28T13:46:26","date_gmt":"2025-10-28T16:46:26","guid":{"rendered":"https:\/\/promoalge.com.br\/?post_type=product&#038;p=11376"},"modified":"2025-10-28T13:46:26","modified_gmt":"2025-10-28T16:46:26","slug":"garrafa-de-vidro-550ml-pr-09106","status":"publish","type":"product","link":"https:\/\/promoalge.com.br\/?product=garrafa-de-vidro-550ml-pr-09106","title":{"rendered":"Garrafa de Vidro 550ml &#8211; PR 09106"},"content":{"rendered":"","protected":false},"excerpt":{"rendered":"<p>Descri\u00e7\u00e3o: Garrafa de vidro com acabamento fosco, tampa rosque\u00e1vel em alum\u00ednio e capacidade m\u00e1xima de 550ml.<\/p>\n<p>Altura :  27 cm<\/p>\n<p>Largura :  8 cm<\/p>\n<p>Circunfer\u00eancia :  25,1cm<\/p>\n<p>Quantidade minima de 50 unidades.<\/p>\n","protected":false},"featured_media":11377,"template":"","meta":[],"product_brand":[],"product_cat":[418],"product_tag":[],"class_list":{"0":"post-11376","1":"product","2":"type-product","3":"status-publish","4":"has-post-thumbnail","6":"product_cat-porcelana-e-vidros","8":"first","9":"instock","10":"shipping-taxable","11":"product-type-simple"},"_links":{"self":[{"href":"https:\/\/promoalge.com.br\/index.php?rest_route=\/wp\/v2\/product\/11376","targetHints":{"allow":["GET"]}}],"collection":[{"href":"https:\/\/promoalge.com.br\/index.php?rest_route=\/wp\/v2\/product"}],"about":[{"href":"https:\/\/promoalge.com.br\/index.php?rest_route=\/wp\/v2\/types\/product"}],"wp:featuredmedia":[{"embeddable":true,"href":"https:\/\/promoalge.com.br\/index.php?rest_route=\/wp\/v2\/media\/11377"}],"wp:attachment":[{"href":"https:\/\/promoalge.com.br\/index.php?rest_route=%2Fwp%2Fv2%2Fmedia&parent=11376"}],"wp:term":[{"taxonomy":"product_brand","embeddable":true,"href":"https:\/\/promoalge.com.br\/index.php?rest_route=%2Fwp%2Fv2%2Fproduct_brand&post=11376"},{"taxonomy":"product_cat","embeddable":true,"href":"https:\/\/promoalge.com.br\/index.php?rest_route=%2Fwp%2Fv2%2Fproduct_cat&post=11376"},{"taxonomy":"product_tag","embeddable":true,"href":"https:\/\/promoalge.com.br\/index.php?rest_route=%2Fwp%2Fv2%2Fproduct_tag&post=11376"}],"curies":[{"name":"wp","href":"https:\/\/api.w.org\/{rel}","templated":true}]}}