{"id":11382,"date":"2025-10-28T13:57:03","date_gmt":"2025-10-28T16:57:03","guid":{"rendered":"https:\/\/promoalge.com.br\/?post_type=product&#038;p=11382"},"modified":"2025-10-28T13:57:03","modified_gmt":"2025-10-28T16:57:03","slug":"mouse-pad-pr-09129","status":"publish","type":"product","link":"https:\/\/promoalge.com.br\/?product=mouse-pad-pr-09129","title":{"rendered":"Mouse Pad &#8211; PR 09129"},"content":{"rendered":"","protected":false},"excerpt":{"rendered":"<p>Descri\u00e7\u00e3o: Mouse pad feito em poli\u00e9ster imperme\u00e1vel flex\u00edvel com base antiderrapante em borracha.<\/p>\n<p>Largura :  35 cm<\/p>\n<p>Espessura :  3 cm<\/p>\n<p>Comprimento :  25cm<\/p>\n<p>Quantidade minima de 50 unidades.<\/p>\n","protected":false},"featured_media":11383,"template":"","meta":[],"product_brand":[],"product_cat":[353,417],"product_tag":[],"class_list":{"0":"post-11382","1":"product","2":"type-product","3":"status-publish","4":"has-post-thumbnail","6":"product_cat-diversos","7":"product_cat-pendrive-tecnologia","9":"first","10":"instock","11":"shipping-taxable","12":"product-type-simple"},"_links":{"self":[{"href":"https:\/\/promoalge.com.br\/index.php?rest_route=\/wp\/v2\/product\/11382","targetHints":{"allow":["GET"]}}],"collection":[{"href":"https:\/\/promoalge.com.br\/index.php?rest_route=\/wp\/v2\/product"}],"about":[{"href":"https:\/\/promoalge.com.br\/index.php?rest_route=\/wp\/v2\/types\/product"}],"wp:featuredmedia":[{"embeddable":true,"href":"https:\/\/promoalge.com.br\/index.php?rest_route=\/wp\/v2\/media\/11383"}],"wp:attachment":[{"href":"https:\/\/promoalge.com.br\/index.php?rest_route=%2Fwp%2Fv2%2Fmedia&parent=11382"}],"wp:term":[{"taxonomy":"product_brand","embeddable":true,"href":"https:\/\/promoalge.com.br\/index.php?rest_route=%2Fwp%2Fv2%2Fproduct_brand&post=11382"},{"taxonomy":"product_cat","embeddable":true,"href":"https:\/\/promoalge.com.br\/index.php?rest_route=%2Fwp%2Fv2%2Fproduct_cat&post=11382"},{"taxonomy":"product_tag","embeddable":true,"href":"https:\/\/promoalge.com.br\/index.php?rest_route=%2Fwp%2Fv2%2Fproduct_tag&post=11382"}],"curies":[{"name":"wp","href":"https:\/\/api.w.org\/{rel}","templated":true}]}}