{"id":11388,"date":"2025-10-28T14:04:57","date_gmt":"2025-10-28T17:04:57","guid":{"rendered":"https:\/\/promoalge.com.br\/?post_type=product&#038;p=11388"},"modified":"2025-10-28T14:04:57","modified_gmt":"2025-10-28T17:04:57","slug":"copo-termico-500ml-pr-09172","status":"publish","type":"product","link":"https:\/\/promoalge.com.br\/?product=copo-termico-500ml-pr-09172","title":{"rendered":"Copo T\u00e9rmico 500ml &#8211; PR 09172"},"content":{"rendered":"","protected":false},"excerpt":{"rendered":"<p>Descri\u00e7\u00e3o: Copo t\u00e9rmico em inox 304 com pintura eletrost\u00e1tica e capacidade de at\u00e9 500ml. Possui parede dupla, veda\u00e7\u00e3o a v\u00e1cuo e base emborrachada antiderrapante. Conta ainda com tampa rosque\u00e1vel em pl\u00e1stico com trava no bocal e luva remov\u00edvel em silicone.<\/p>\n<p>Altura :  17,6 cm<\/p>\n<p>Largura :  8,9 cm<\/p>\n<p>Circunfer\u00eancia :  27 cm<\/p>\n<p>Quantidade minima de 50 unidades.<\/p>\n","protected":false},"featured_media":11389,"template":"","meta":[],"product_brand":[],"product_cat":[346],"product_tag":[],"class_list":{"0":"post-11388","1":"product","2":"type-product","3":"status-publish","4":"has-post-thumbnail","6":"product_cat-canetas-metalicas","8":"first","9":"instock","10":"shipping-taxable","11":"product-type-simple"},"_links":{"self":[{"href":"https:\/\/promoalge.com.br\/index.php?rest_route=\/wp\/v2\/product\/11388","targetHints":{"allow":["GET"]}}],"collection":[{"href":"https:\/\/promoalge.com.br\/index.php?rest_route=\/wp\/v2\/product"}],"about":[{"href":"https:\/\/promoalge.com.br\/index.php?rest_route=\/wp\/v2\/types\/product"}],"wp:featuredmedia":[{"embeddable":true,"href":"https:\/\/promoalge.com.br\/index.php?rest_route=\/wp\/v2\/media\/11389"}],"wp:attachment":[{"href":"https:\/\/promoalge.com.br\/index.php?rest_route=%2Fwp%2Fv2%2Fmedia&parent=11388"}],"wp:term":[{"taxonomy":"product_brand","embeddable":true,"href":"https:\/\/promoalge.com.br\/index.php?rest_route=%2Fwp%2Fv2%2Fproduct_brand&post=11388"},{"taxonomy":"product_cat","embeddable":true,"href":"https:\/\/promoalge.com.br\/index.php?rest_route=%2Fwp%2Fv2%2Fproduct_cat&post=11388"},{"taxonomy":"product_tag","embeddable":true,"href":"https:\/\/promoalge.com.br\/index.php?rest_route=%2Fwp%2Fv2%2Fproduct_tag&post=11388"}],"curies":[{"name":"wp","href":"https:\/\/api.w.org\/{rel}","templated":true}]}}