{"id":11392,"date":"2025-10-28T14:14:34","date_gmt":"2025-10-28T17:14:34","guid":{"rendered":"https:\/\/promoalge.com.br\/?post_type=product&#038;p=11392"},"modified":"2025-10-28T14:14:35","modified_gmt":"2025-10-28T17:14:35","slug":"garrafa-termica-350ml-pr-18949p","status":"publish","type":"product","link":"https:\/\/promoalge.com.br\/?product=garrafa-termica-350ml-pr-18949p","title":{"rendered":"Garrafa T\u00e9rmica 350ml &#8211; PR 18949P"},"content":{"rendered":"","protected":false},"excerpt":{"rendered":"<p>Descri\u00e7\u00e3o: Garrafa t\u00e9rmica em inox, pintura eletrost\u00e1tica e capacidade para at\u00e9 350ml. Conta com estrutura de parede dupla e veda\u00e7\u00e3o a v\u00e1cuo, permitindo conservar a temperatura de l\u00edquidos por mais tempo. Possui tampa rosque\u00e1vel com protetor para o bocal e al\u00e7a fixa para facilitar o transporte. Acompanha protetor para a base em silicone.<\/p>\n<p>Altura :  18,2 cm<\/p>\n<p>Largura :  10 cm<\/p>\n<p>Circunfer\u00eancia :  23 cm<\/p>\n<p>Quantidade minima de 50 unidades.<\/p>\n","protected":false},"featured_media":11393,"template":"","meta":[],"product_brand":[],"product_cat":[237],"product_tag":[],"class_list":{"0":"post-11392","1":"product","2":"type-product","3":"status-publish","4":"has-post-thumbnail","6":"product_cat-metalicas","8":"first","9":"instock","10":"shipping-taxable","11":"product-type-simple"},"_links":{"self":[{"href":"https:\/\/promoalge.com.br\/index.php?rest_route=\/wp\/v2\/product\/11392","targetHints":{"allow":["GET"]}}],"collection":[{"href":"https:\/\/promoalge.com.br\/index.php?rest_route=\/wp\/v2\/product"}],"about":[{"href":"https:\/\/promoalge.com.br\/index.php?rest_route=\/wp\/v2\/types\/product"}],"wp:featuredmedia":[{"embeddable":true,"href":"https:\/\/promoalge.com.br\/index.php?rest_route=\/wp\/v2\/media\/11393"}],"wp:attachment":[{"href":"https:\/\/promoalge.com.br\/index.php?rest_route=%2Fwp%2Fv2%2Fmedia&parent=11392"}],"wp:term":[{"taxonomy":"product_brand","embeddable":true,"href":"https:\/\/promoalge.com.br\/index.php?rest_route=%2Fwp%2Fv2%2Fproduct_brand&post=11392"},{"taxonomy":"product_cat","embeddable":true,"href":"https:\/\/promoalge.com.br\/index.php?rest_route=%2Fwp%2Fv2%2Fproduct_cat&post=11392"},{"taxonomy":"product_tag","embeddable":true,"href":"https:\/\/promoalge.com.br\/index.php?rest_route=%2Fwp%2Fv2%2Fproduct_tag&post=11392"}],"curies":[{"name":"wp","href":"https:\/\/api.w.org\/{rel}","templated":true}]}}