{"id":11402,"date":"2025-10-28T14:22:21","date_gmt":"2025-10-28T17:22:21","guid":{"rendered":"https:\/\/promoalge.com.br\/?post_type=product&#038;p=11402"},"modified":"2025-10-28T14:22:21","modified_gmt":"2025-10-28T17:22:21","slug":"garrafa-termica-600ml-pr-19006","status":"publish","type":"product","link":"https:\/\/promoalge.com.br\/?product=garrafa-termica-600ml-pr-19006","title":{"rendered":"Garrafa T\u00e9rmica 600ml &#8211; PR 19006"},"content":{"rendered":"","protected":false},"excerpt":{"rendered":"<p>Descri\u00e7\u00e3o: Garrafa t\u00e9rmica em a\u00e7o inox 304 e capacidade para at\u00e9 600ml. Apresenta estrutura de parede dupla e veda\u00e7\u00e3o a v\u00e1cuo, oferecendo a conserva\u00e7\u00e3o da temperatura de l\u00edquidos por mais tempo. Possui tampa rosque\u00e1vel feita em pl\u00e1stico com prote\u00e7\u00e3o para o bocal, bico flip, canudo interno remov\u00edvel e al\u00e7a fixa para transporte.<\/p>\n<p>Altura :  23,5 cm<\/p>\n<p>Largura :  8,3 cm<\/p>\n<p>Circunfer\u00eancia :  23,3 cm<\/p>\n<p>Quantidade minima de 50 unidades.<\/p>\n","protected":false},"featured_media":11403,"template":"","meta":[],"product_brand":[],"product_cat":[237],"product_tag":[],"class_list":{"0":"post-11402","1":"product","2":"type-product","3":"status-publish","4":"has-post-thumbnail","6":"product_cat-metalicas","8":"first","9":"instock","10":"shipping-taxable","11":"product-type-simple"},"_links":{"self":[{"href":"https:\/\/promoalge.com.br\/index.php?rest_route=\/wp\/v2\/product\/11402","targetHints":{"allow":["GET"]}}],"collection":[{"href":"https:\/\/promoalge.com.br\/index.php?rest_route=\/wp\/v2\/product"}],"about":[{"href":"https:\/\/promoalge.com.br\/index.php?rest_route=\/wp\/v2\/types\/product"}],"wp:featuredmedia":[{"embeddable":true,"href":"https:\/\/promoalge.com.br\/index.php?rest_route=\/wp\/v2\/media\/11403"}],"wp:attachment":[{"href":"https:\/\/promoalge.com.br\/index.php?rest_route=%2Fwp%2Fv2%2Fmedia&parent=11402"}],"wp:term":[{"taxonomy":"product_brand","embeddable":true,"href":"https:\/\/promoalge.com.br\/index.php?rest_route=%2Fwp%2Fv2%2Fproduct_brand&post=11402"},{"taxonomy":"product_cat","embeddable":true,"href":"https:\/\/promoalge.com.br\/index.php?rest_route=%2Fwp%2Fv2%2Fproduct_cat&post=11402"},{"taxonomy":"product_tag","embeddable":true,"href":"https:\/\/promoalge.com.br\/index.php?rest_route=%2Fwp%2Fv2%2Fproduct_tag&post=11402"}],"curies":[{"name":"wp","href":"https:\/\/api.w.org\/{rel}","templated":true}]}}