{"id":11411,"date":"2025-10-28T14:45:51","date_gmt":"2025-10-28T17:45:51","guid":{"rendered":"https:\/\/promoalge.com.br\/?post_type=product&#038;p=11411"},"modified":"2025-10-28T14:45:51","modified_gmt":"2025-10-28T17:45:51","slug":"necessaire-couro-sintetico-pr-19019","status":"publish","type":"product","link":"https:\/\/promoalge.com.br\/?product=necessaire-couro-sintetico-pr-19019","title":{"rendered":"N\u00e9cessaire Couro Sint\u00e9tico &#8211; PR 19019"},"content":{"rendered":"","protected":false},"excerpt":{"rendered":"<p>Descri\u00e7\u00e3o: N\u00e9cessaire confeccionado em couro sint\u00e9tico imperme\u00e1vel. Possui compartimento principal com fechamento em z\u00edper, al\u00e9m de um bolso frontal externo, al\u00e7a de m\u00e3o e duas al\u00e7as menores para fixa\u00e7\u00e3o de chaveiro ou gancho.<\/p>\n<p>Altura :  14,5 cm<\/p>\n<p>Largura :  24 cm<\/p>\n<p>Profundidade :  11 cm<\/p>\n<p>Quantidade minima de 50 unidades.<\/p>\n","protected":false},"featured_media":11412,"template":"","meta":[],"product_brand":[],"product_cat":[416],"product_tag":[],"class_list":{"0":"post-11411","1":"product","2":"type-product","3":"status-publish","4":"has-post-thumbnail","6":"product_cat-necessaire","8":"first","9":"instock","10":"shipping-taxable","11":"product-type-simple"},"_links":{"self":[{"href":"https:\/\/promoalge.com.br\/index.php?rest_route=\/wp\/v2\/product\/11411","targetHints":{"allow":["GET"]}}],"collection":[{"href":"https:\/\/promoalge.com.br\/index.php?rest_route=\/wp\/v2\/product"}],"about":[{"href":"https:\/\/promoalge.com.br\/index.php?rest_route=\/wp\/v2\/types\/product"}],"wp:featuredmedia":[{"embeddable":true,"href":"https:\/\/promoalge.com.br\/index.php?rest_route=\/wp\/v2\/media\/11412"}],"wp:attachment":[{"href":"https:\/\/promoalge.com.br\/index.php?rest_route=%2Fwp%2Fv2%2Fmedia&parent=11411"}],"wp:term":[{"taxonomy":"product_brand","embeddable":true,"href":"https:\/\/promoalge.com.br\/index.php?rest_route=%2Fwp%2Fv2%2Fproduct_brand&post=11411"},{"taxonomy":"product_cat","embeddable":true,"href":"https:\/\/promoalge.com.br\/index.php?rest_route=%2Fwp%2Fv2%2Fproduct_cat&post=11411"},{"taxonomy":"product_tag","embeddable":true,"href":"https:\/\/promoalge.com.br\/index.php?rest_route=%2Fwp%2Fv2%2Fproduct_tag&post=11411"}],"curies":[{"name":"wp","href":"https:\/\/api.w.org\/{rel}","templated":true}]}}