{"id":11419,"date":"2025-10-28T15:12:15","date_gmt":"2025-10-28T18:12:15","guid":{"rendered":"https:\/\/promoalge.com.br\/?post_type=product&#038;p=11419"},"modified":"2025-10-28T15:12:15","modified_gmt":"2025-10-28T18:12:15","slug":"calendario-permanente-bambu-pr-19027","status":"publish","type":"product","link":"https:\/\/promoalge.com.br\/?product=calendario-permanente-bambu-pr-19027","title":{"rendered":"Calend\u00e1rio Permanente Bambu &#8211; PR 19027"},"content":{"rendered":"","protected":false},"excerpt":{"rendered":"<p>Descri\u00e7\u00e3o: Calend\u00e1rio permanente de mesa com estrutura feita em madeira e duas hastes de sustenta\u00e7\u00e3o em ferro. Conta com fichas de papel cart\u00e3o presas por argolas de ferro, que permitem organizar os dias em n\u00fameros e os meses em vers\u00f5es abreviadas.<\/p>\n<p>Altura :  15 cm<\/p>\n<p>Profundidade :  8 cm<\/p>\n<p>Espessura :  1,2 cm<\/p>\n<p>Comprimento :  20 cm<\/p>\n<p>Quantidade minima de 50 unidades.<\/p>\n","protected":false},"featured_media":11420,"template":"","meta":[],"product_brand":[],"product_cat":[353],"product_tag":[],"class_list":{"0":"post-11419","1":"product","2":"type-product","3":"status-publish","4":"has-post-thumbnail","6":"product_cat-diversos","8":"first","9":"instock","10":"shipping-taxable","11":"product-type-simple"},"_links":{"self":[{"href":"https:\/\/promoalge.com.br\/index.php?rest_route=\/wp\/v2\/product\/11419","targetHints":{"allow":["GET"]}}],"collection":[{"href":"https:\/\/promoalge.com.br\/index.php?rest_route=\/wp\/v2\/product"}],"about":[{"href":"https:\/\/promoalge.com.br\/index.php?rest_route=\/wp\/v2\/types\/product"}],"wp:featuredmedia":[{"embeddable":true,"href":"https:\/\/promoalge.com.br\/index.php?rest_route=\/wp\/v2\/media\/11420"}],"wp:attachment":[{"href":"https:\/\/promoalge.com.br\/index.php?rest_route=%2Fwp%2Fv2%2Fmedia&parent=11419"}],"wp:term":[{"taxonomy":"product_brand","embeddable":true,"href":"https:\/\/promoalge.com.br\/index.php?rest_route=%2Fwp%2Fv2%2Fproduct_brand&post=11419"},{"taxonomy":"product_cat","embeddable":true,"href":"https:\/\/promoalge.com.br\/index.php?rest_route=%2Fwp%2Fv2%2Fproduct_cat&post=11419"},{"taxonomy":"product_tag","embeddable":true,"href":"https:\/\/promoalge.com.br\/index.php?rest_route=%2Fwp%2Fv2%2Fproduct_tag&post=11419"}],"curies":[{"name":"wp","href":"https:\/\/api.w.org\/{rel}","templated":true}]}}