{"id":11426,"date":"2025-10-28T15:33:48","date_gmt":"2025-10-28T18:33:48","guid":{"rendered":"https:\/\/promoalge.com.br\/?post_type=product&#038;p=11426"},"modified":"2025-10-28T15:33:48","modified_gmt":"2025-10-28T18:33:48","slug":"garrafa-termica-15l-pr-19033","status":"publish","type":"product","link":"https:\/\/promoalge.com.br\/?product=garrafa-termica-15l-pr-19033","title":{"rendered":"Garrafa T\u00e9rmica 1,5L &#8211; PR 19033"},"content":{"rendered":"","protected":false},"excerpt":{"rendered":"<p>Descri\u00e7\u00e3o: Garrafa t\u00e9rmica feita em inox com cabo e bico em pl\u00e1stico resistente, base emborrachada antiderrapante e capacidade m\u00e1xima de 1,5 litro. com acionamento por press\u00e3o para servir o conte\u00fado. Apresenta estrutura de parede dupla e isolamento a v\u00e1cuo, que conserva a temperatura dos l\u00edquidos por mais tempo.<\/p>\n<p>Altura :  22,3 cm<\/p>\n<p>Largura :  15,9 cm<\/p>\n<p>Circunfer\u00eancia :  39,4 cm<\/p>\n<p>Quantidade minima de 50 unidades.<\/p>\n","protected":false},"featured_media":11427,"template":"","meta":[],"product_brand":[],"product_cat":[237],"product_tag":[],"class_list":{"0":"post-11426","1":"product","2":"type-product","3":"status-publish","4":"has-post-thumbnail","6":"product_cat-metalicas","8":"first","9":"instock","10":"shipping-taxable","11":"product-type-simple"},"_links":{"self":[{"href":"https:\/\/promoalge.com.br\/index.php?rest_route=\/wp\/v2\/product\/11426","targetHints":{"allow":["GET"]}}],"collection":[{"href":"https:\/\/promoalge.com.br\/index.php?rest_route=\/wp\/v2\/product"}],"about":[{"href":"https:\/\/promoalge.com.br\/index.php?rest_route=\/wp\/v2\/types\/product"}],"wp:featuredmedia":[{"embeddable":true,"href":"https:\/\/promoalge.com.br\/index.php?rest_route=\/wp\/v2\/media\/11427"}],"wp:attachment":[{"href":"https:\/\/promoalge.com.br\/index.php?rest_route=%2Fwp%2Fv2%2Fmedia&parent=11426"}],"wp:term":[{"taxonomy":"product_brand","embeddable":true,"href":"https:\/\/promoalge.com.br\/index.php?rest_route=%2Fwp%2Fv2%2Fproduct_brand&post=11426"},{"taxonomy":"product_cat","embeddable":true,"href":"https:\/\/promoalge.com.br\/index.php?rest_route=%2Fwp%2Fv2%2Fproduct_cat&post=11426"},{"taxonomy":"product_tag","embeddable":true,"href":"https:\/\/promoalge.com.br\/index.php?rest_route=%2Fwp%2Fv2%2Fproduct_tag&post=11426"}],"curies":[{"name":"wp","href":"https:\/\/api.w.org\/{rel}","templated":true}]}}