{"id":11435,"date":"2025-10-28T16:05:58","date_gmt":"2025-10-28T19:05:58","guid":{"rendered":"https:\/\/promoalge.com.br\/?post_type=product&#038;p=11435"},"modified":"2025-10-28T16:05:58","modified_gmt":"2025-10-28T19:05:58","slug":"bloco-de-anotacoes-com-5-canetas-pr-19038","status":"publish","type":"product","link":"https:\/\/promoalge.com.br\/?product=bloco-de-anotacoes-com-5-canetas-pr-19038","title":{"rendered":"Bloco de Anota\u00e7\u00f5es com 5 Canetas &#8211; pr 19038"},"content":{"rendered":"","protected":false},"excerpt":{"rendered":"<p>Descri\u00e7\u00e3o: Bloco de anota\u00e7\u00f5es com capa dura em kraft e fechamento por el\u00e1stico. Possui aproximadamente 80 folhas de tonalidade marfim sem pautas e cinco canetas coloridas de ponta dupla: uma fina e outra tipo pincel.<\/p>\n<p>Largura :  14,3 cm<\/p>\n<p>Espessura :  2,3 cm<\/p>\n<p>Comprimento :  18,1 cm<\/p>\n<p>Quantidade minima de 50 unidades.<\/p>\n","protected":false},"featured_media":11436,"template":"","meta":[],"product_brand":[],"product_cat":[409,407],"product_tag":[],"class_list":{"0":"post-11435","1":"product","2":"type-product","3":"status-publish","4":"has-post-thumbnail","6":"product_cat-escritorio","7":"product_cat-conjuntos","9":"first","10":"instock","11":"shipping-taxable","12":"product-type-simple"},"_links":{"self":[{"href":"https:\/\/promoalge.com.br\/index.php?rest_route=\/wp\/v2\/product\/11435","targetHints":{"allow":["GET"]}}],"collection":[{"href":"https:\/\/promoalge.com.br\/index.php?rest_route=\/wp\/v2\/product"}],"about":[{"href":"https:\/\/promoalge.com.br\/index.php?rest_route=\/wp\/v2\/types\/product"}],"wp:featuredmedia":[{"embeddable":true,"href":"https:\/\/promoalge.com.br\/index.php?rest_route=\/wp\/v2\/media\/11436"}],"wp:attachment":[{"href":"https:\/\/promoalge.com.br\/index.php?rest_route=%2Fwp%2Fv2%2Fmedia&parent=11435"}],"wp:term":[{"taxonomy":"product_brand","embeddable":true,"href":"https:\/\/promoalge.com.br\/index.php?rest_route=%2Fwp%2Fv2%2Fproduct_brand&post=11435"},{"taxonomy":"product_cat","embeddable":true,"href":"https:\/\/promoalge.com.br\/index.php?rest_route=%2Fwp%2Fv2%2Fproduct_cat&post=11435"},{"taxonomy":"product_tag","embeddable":true,"href":"https:\/\/promoalge.com.br\/index.php?rest_route=%2Fwp%2Fv2%2Fproduct_tag&post=11435"}],"curies":[{"name":"wp","href":"https:\/\/api.w.org\/{rel}","templated":true}]}}