{"id":11442,"date":"2025-10-28T16:14:23","date_gmt":"2025-10-28T19:14:23","guid":{"rendered":"https:\/\/promoalge.com.br\/?post_type=product&#038;p=11442"},"modified":"2025-10-28T16:14:24","modified_gmt":"2025-10-28T19:14:24","slug":"agenda-diaria-2026-wire-o-pr-15353","status":"publish","type":"product","link":"https:\/\/promoalge.com.br\/?product=agenda-diaria-2026-wire-o-pr-15353","title":{"rendered":"Agenda Di\u00e1ria 2026 Wire-O &#8211; PR 15353"},"content":{"rendered":"","protected":false},"excerpt":{"rendered":"<p>Descri\u00e7\u00e3o: Agenda di\u00e1ria 2026 em capa dura, com marcador de p\u00e1ginas em fita se cetim, el\u00e1stico de fechamento e encaderna\u00e7\u00e3o Wire-O. Conta ainda com p\u00e1ginas dedicadas a dados pessoais, calend\u00e1rios de 2026 at\u00e9 2028, al\u00e9m de listas de metas, planejamento mensal e contatos.<\/p>\n<p>Largura :  12 cm<\/p>\n<p>Espessura :  2,4 cm<\/p>\n<p>Comprimento :  15 cm<\/p>\n<p>Quantidade minima de 50 unidades.<\/p>\n","protected":false},"featured_media":11443,"template":"","meta":[],"product_brand":[],"product_cat":[409],"product_tag":[],"class_list":{"0":"post-11442","1":"product","2":"type-product","3":"status-publish","4":"has-post-thumbnail","6":"product_cat-escritorio","8":"first","9":"instock","10":"shipping-taxable","11":"product-type-simple"},"_links":{"self":[{"href":"https:\/\/promoalge.com.br\/index.php?rest_route=\/wp\/v2\/product\/11442","targetHints":{"allow":["GET"]}}],"collection":[{"href":"https:\/\/promoalge.com.br\/index.php?rest_route=\/wp\/v2\/product"}],"about":[{"href":"https:\/\/promoalge.com.br\/index.php?rest_route=\/wp\/v2\/types\/product"}],"wp:featuredmedia":[{"embeddable":true,"href":"https:\/\/promoalge.com.br\/index.php?rest_route=\/wp\/v2\/media\/11443"}],"wp:attachment":[{"href":"https:\/\/promoalge.com.br\/index.php?rest_route=%2Fwp%2Fv2%2Fmedia&parent=11442"}],"wp:term":[{"taxonomy":"product_brand","embeddable":true,"href":"https:\/\/promoalge.com.br\/index.php?rest_route=%2Fwp%2Fv2%2Fproduct_brand&post=11442"},{"taxonomy":"product_cat","embeddable":true,"href":"https:\/\/promoalge.com.br\/index.php?rest_route=%2Fwp%2Fv2%2Fproduct_cat&post=11442"},{"taxonomy":"product_tag","embeddable":true,"href":"https:\/\/promoalge.com.br\/index.php?rest_route=%2Fwp%2Fv2%2Fproduct_tag&post=11442"}],"curies":[{"name":"wp","href":"https:\/\/api.w.org\/{rel}","templated":true}]}}