{"id":11444,"date":"2025-10-28T16:17:16","date_gmt":"2025-10-28T19:17:16","guid":{"rendered":"https:\/\/promoalge.com.br\/?post_type=product&#038;p=11444"},"modified":"2025-10-28T16:17:16","modified_gmt":"2025-10-28T19:17:16","slug":"kit-drink-5-pecas-pr-15355","status":"publish","type":"product","link":"https:\/\/promoalge.com.br\/?product=kit-drink-5-pecas-pr-15355","title":{"rendered":"Kit Drink 5 Pe\u00e7as &#8211; PR 15355"},"content":{"rendered":"","protected":false},"excerpt":{"rendered":"<p>Descri\u00e7\u00e3o: Kit para drinks com cinco pe\u00e7as, incluindo um copo de vidro com capacidade de 250 ml, um pegador de gelo em inox e tr\u00eas cubos de gelo em pedra-sab\u00e3o. O conjunto acompanha caixa de madeira com revestimento interno em espuma para acomodar os itens.<\/p>\n<p>Altura :  11,4 cm<\/p>\n<p>Profundidade :  13,1 cm<\/p>\n<p>Comprimento :  16,1 cm<\/p>\n<p>Quantidade minima de 50 unidades.<\/p>\n","protected":false},"featured_media":11445,"template":"","meta":[],"product_brand":[],"product_cat":[407,418],"product_tag":[],"class_list":{"0":"post-11444","1":"product","2":"type-product","3":"status-publish","4":"has-post-thumbnail","6":"product_cat-conjuntos","7":"product_cat-porcelana-e-vidros","9":"first","10":"instock","11":"shipping-taxable","12":"product-type-simple"},"_links":{"self":[{"href":"https:\/\/promoalge.com.br\/index.php?rest_route=\/wp\/v2\/product\/11444","targetHints":{"allow":["GET"]}}],"collection":[{"href":"https:\/\/promoalge.com.br\/index.php?rest_route=\/wp\/v2\/product"}],"about":[{"href":"https:\/\/promoalge.com.br\/index.php?rest_route=\/wp\/v2\/types\/product"}],"wp:featuredmedia":[{"embeddable":true,"href":"https:\/\/promoalge.com.br\/index.php?rest_route=\/wp\/v2\/media\/11445"}],"wp:attachment":[{"href":"https:\/\/promoalge.com.br\/index.php?rest_route=%2Fwp%2Fv2%2Fmedia&parent=11444"}],"wp:term":[{"taxonomy":"product_brand","embeddable":true,"href":"https:\/\/promoalge.com.br\/index.php?rest_route=%2Fwp%2Fv2%2Fproduct_brand&post=11444"},{"taxonomy":"product_cat","embeddable":true,"href":"https:\/\/promoalge.com.br\/index.php?rest_route=%2Fwp%2Fv2%2Fproduct_cat&post=11444"},{"taxonomy":"product_tag","embeddable":true,"href":"https:\/\/promoalge.com.br\/index.php?rest_route=%2Fwp%2Fv2%2Fproduct_tag&post=11444"}],"curies":[{"name":"wp","href":"https:\/\/api.w.org\/{rel}","templated":true}]}}